{"id":9042,"date":"2025-03-10T21:06:42","date_gmt":"2025-03-10T21:06:42","guid":{"rendered":"https:\/\/ilovemyhijab.com\/?post_type=product&#038;p=9042"},"modified":"2025-11-07T10:20:54","modified_gmt":"2025-11-07T10:20:54","slug":"jazz-abaya-laengde-160-cm-lysegraa","status":"publish","type":"product","link":"https:\/\/ilovemyhijab.com\/index.php\/vare\/jazz-abaya-laengde-160-cm-lysegraa\/","title":{"rendered":"Jazz abaya l\u00e6ngde 160 cm &#8211; lysegr\u00e5"},"content":{"rendered":"","protected":false},"excerpt":{"rendered":"<p>Tall abaya med puffede \u00e6rmer og elastiske manchetter. Produceret i jazz, som er meget behagelig og let stof.<\/p>\n<p>Den har en rund halsudsk\u00e6ring og flot vidde. Den falder fint og har en l\u00e6ngde mellem 155-160 cm.<\/p>\n<p>ONE SIZE.<\/p>\n<p>&nbsp;<\/p>\n<p>Vaskeanvisning:<br \/>\n\u2022Maskinvask, halvt fyldt, kort centrifugering 40\u00b0C<br \/>\n\u2022M\u00e5 ikke bleges.<br \/>\n\u2022M\u00e5 ikke t\u00f8rretumbles.<br \/>\n\u2022Stryges ved lav temp. H\u00f8jeste temp. 100\u00b0C<br \/>\n\u2022T\u00f8rres p\u00e5 t\u00f8rrestativ<\/p>\n<p>&nbsp;<\/p>\n<p><em>V\u00e6r opm\u00e6rksom p\u00e5, at farven p\u00e5 billedet kan afvige en smule fra virkeligheden, da det afh\u00e6nger af sk\u00e6rmens farvekalibrering.<\/em><\/p>\n","protected":false},"featured_media":9043,"template":"","meta":{"om_disable_all_campaigns":false,"_monsterinsights_skip_tracking":false,"_monsterinsights_sitenote_active":false,"_monsterinsights_sitenote_note":"","_monsterinsights_sitenote_category":0,"advanced_seo_description":"","jetpack_seo_html_title":"","jetpack_seo_noindex":false},"product_brand":[],"product_cat":[19,132,133],"product_tag":[339],"class_list":{"0":"post-9042","1":"product","2":"type-product","3":"status-publish","4":"has-post-thumbnail","6":"product_cat-abaya","7":"product_cat-abaya160","8":"product_cat-dame","9":"product_tag-abaya-tall","10":"pa_stoerrelse-108","11":"pa_stoerrelse-118","12":"pa_stoerrelse-127","13":"pa_stoerrelse-130","14":"pa_stoerrelse-110","15":"pa_stoerrelse-111","16":"pa_stoerrelse-115","18":"first","19":"instock","20":"taxable","21":"shipping-taxable","22":"purchasable","23":"product-type-simple"},"jetpack_sharing_enabled":true,"_links":{"self":[{"href":"https:\/\/ilovemyhijab.com\/index.php\/wp-json\/wp\/v2\/product\/9042","targetHints":{"allow":["GET"]}}],"collection":[{"href":"https:\/\/ilovemyhijab.com\/index.php\/wp-json\/wp\/v2\/product"}],"about":[{"href":"https:\/\/ilovemyhijab.com\/index.php\/wp-json\/wp\/v2\/types\/product"}],"version-history":[{"count":3,"href":"https:\/\/ilovemyhijab.com\/index.php\/wp-json\/wp\/v2\/product\/9042\/revisions"}],"predecessor-version":[{"id":9754,"href":"https:\/\/ilovemyhijab.com\/index.php\/wp-json\/wp\/v2\/product\/9042\/revisions\/9754"}],"wp:featuredmedia":[{"embeddable":true,"href":"https:\/\/ilovemyhijab.com\/index.php\/wp-json\/wp\/v2\/media\/9043"}],"wp:attachment":[{"href":"https:\/\/ilovemyhijab.com\/index.php\/wp-json\/wp\/v2\/media?parent=9042"}],"wp:term":[{"taxonomy":"product_brand","embeddable":true,"href":"https:\/\/ilovemyhijab.com\/index.php\/wp-json\/wp\/v2\/product_brand?post=9042"},{"taxonomy":"product_cat","embeddable":true,"href":"https:\/\/ilovemyhijab.com\/index.php\/wp-json\/wp\/v2\/product_cat?post=9042"},{"taxonomy":"product_tag","embeddable":true,"href":"https:\/\/ilovemyhijab.com\/index.php\/wp-json\/wp\/v2\/product_tag?post=9042"}],"curies":[{"name":"wp","href":"https:\/\/api.w.org\/{rel}","templated":true}]}}