{"id":8574,"date":"2024-10-24T03:49:39","date_gmt":"2024-10-24T03:49:39","guid":{"rendered":"https:\/\/ilovemyhijab.com\/?post_type=product&#038;p=8574"},"modified":"2025-05-23T18:18:26","modified_gmt":"2025-05-23T18:18:26","slug":"lyana-aftenkjole-stone","status":"publish","type":"product","link":"https:\/\/ilovemyhijab.com\/index.php\/vare\/lyana-aftenkjole-stone\/","title":{"rendered":"Lyana aftenkjole &#8211; stone"},"content":{"rendered":"","protected":false},"excerpt":{"rendered":"<p>Denne aftenkjole kommer i en smuk maxi-l\u00e6ngde og er lavet af et bl\u00f8dt og skinnende stof, der giver den et ekstra luksuri\u00f8st touch.<\/p>\n<p>L\u00e6ngde 150 cm.<\/p>\n<p>St\u00f8rrelse guide i cm.:<\/p>\n<p>Str. 38 &#8211; BRYST 88-92 \/ TALJE 72-74 \/ HOFTE 96-100<\/p>\n<p>Str. 40 &#8211; BRYST 92-96 \/ TALJE 76-78 \/ HOFTE 100-104<\/p>\n<p>Str. 42 &#8211; BRYST 96-100 \/ TALJE 80-82 \/ HOFTE 104-108<\/p>\n<p>Str. 44 &#8211; BRYST 100-104 \/ TALJE 84-86 \/ HOFTE 108-112<\/p>\n<p>Str. 46 &#8211; BRYST 104 -108\/ TALJE 88-90 \/ HOFTE 112-116<\/p>\n<p><em>V\u00e6r venligst opm\u00e6rksom p\u00e5 at farven p\u00e5 billedet kan afvige en smule fra virkeligheden.<\/em><\/p>\n","protected":false},"featured_media":8573,"template":"","meta":{"om_disable_all_campaigns":false,"_monsterinsights_skip_tracking":false,"_monsterinsights_sitenote_active":false,"_monsterinsights_sitenote_note":"","_monsterinsights_sitenote_category":0,"advanced_seo_description":"","jetpack_seo_html_title":"","jetpack_seo_noindex":false},"product_brand":[],"product_cat":[199,20],"product_tag":[256,325,330,328,329,327,326],"class_list":{"0":"post-8574","1":"product","2":"type-product","3":"status-publish","4":"has-post-thumbnail","6":"product_cat-collaboration","7":"product_cat-maxikjoler","8":"product_tag-abaya","9":"product_tag-aftenkjole","10":"product_tag-hijab-aftenkjole","11":"product_tag-hijab-maxidress","12":"product_tag-hijab-maxikjole","13":"product_tag-maxidress","14":"product_tag-maxikjole","15":"pa_stoerrelse-175","16":"pa_stoerrelse-62","17":"pa_stoerrelse-59","18":"pa_stoerrelse-61","19":"pa_stoerrelse-60","21":"first","22":"instock","23":"sale","24":"taxable","25":"shipping-taxable","26":"purchasable","27":"product-type-variable"},"jetpack_sharing_enabled":true,"_links":{"self":[{"href":"https:\/\/ilovemyhijab.com\/index.php\/wp-json\/wp\/v2\/product\/8574","targetHints":{"allow":["GET"]}}],"collection":[{"href":"https:\/\/ilovemyhijab.com\/index.php\/wp-json\/wp\/v2\/product"}],"about":[{"href":"https:\/\/ilovemyhijab.com\/index.php\/wp-json\/wp\/v2\/types\/product"}],"version-history":[{"count":1,"href":"https:\/\/ilovemyhijab.com\/index.php\/wp-json\/wp\/v2\/product\/8574\/revisions"}],"predecessor-version":[{"id":8580,"href":"https:\/\/ilovemyhijab.com\/index.php\/wp-json\/wp\/v2\/product\/8574\/revisions\/8580"}],"wp:featuredmedia":[{"embeddable":true,"href":"https:\/\/ilovemyhijab.com\/index.php\/wp-json\/wp\/v2\/media\/8573"}],"wp:attachment":[{"href":"https:\/\/ilovemyhijab.com\/index.php\/wp-json\/wp\/v2\/media?parent=8574"}],"wp:term":[{"taxonomy":"product_brand","embeddable":true,"href":"https:\/\/ilovemyhijab.com\/index.php\/wp-json\/wp\/v2\/product_brand?post=8574"},{"taxonomy":"product_cat","embeddable":true,"href":"https:\/\/ilovemyhijab.com\/index.php\/wp-json\/wp\/v2\/product_cat?post=8574"},{"taxonomy":"product_tag","embeddable":true,"href":"https:\/\/ilovemyhijab.com\/index.php\/wp-json\/wp\/v2\/product_tag?post=8574"}],"curies":[{"name":"wp","href":"https:\/\/api.w.org\/{rel}","templated":true}]}}