{"id":8527,"date":"2024-10-24T02:36:30","date_gmt":"2024-10-24T02:36:30","guid":{"rendered":"https:\/\/ilovemyhijab.com\/?post_type=product&#038;p=8527"},"modified":"2025-03-17T19:52:42","modified_gmt":"2025-03-17T19:52:42","slug":"khimar-i-bomuld-sort","status":"publish","type":"product","link":"https:\/\/ilovemyhijab.com\/index.php\/vare\/khimar-i-bomuld-sort\/","title":{"rendered":"Khimar i bomuld &#8211; sort"},"content":{"rendered":"","protected":false},"excerpt":{"rendered":"<p>\u00c5ndbar og behagelig khimar i bomuld med tieback bindeb\u00e5nd. Enkelt og nemt at tage p\u00e5.<\/p>\n<p><strong>Vaskeanvisning:<\/strong><\/p>\n<p>Maskinvask p\u00e5 det mest sk\u00e5nsomme program.<\/p>\n<p>T\u00f8rres p\u00e5 t\u00f8rrestativ.<\/p>\n<p>&nbsp;<\/p>\n","protected":false},"featured_media":8534,"template":"","meta":{"om_disable_all_campaigns":false,"_monsterinsights_skip_tracking":false,"_monsterinsights_sitenote_active":false,"_monsterinsights_sitenote_note":"","_monsterinsights_sitenote_category":0,"advanced_seo_description":"","jetpack_seo_html_title":"","jetpack_seo_noindex":false},"product_brand":[],"product_cat":[22,81,23],"product_tag":[273,316,217],"class_list":{"0":"post-8527","1":"product","2":"type-product","3":"status-publish","4":"has-post-thumbnail","6":"product_cat-hijab","7":"product_cat-praktiskhijab","8":"product_cat-khimar","9":"product_tag-hijab","10":"product_tag-instant-khimar","11":"product_tag-khimar","12":"pa_farve-graa","13":"pa_farve-lysegraa","14":"pa_farve-moerkeblaa","15":"pa_farve-moerkegroen","16":"pa_farve-rosa","17":"pa_farve-sort","19":"first","20":"instock","21":"taxable","22":"shipping-taxable","23":"purchasable","24":"product-type-simple"},"jetpack_sharing_enabled":true,"_links":{"self":[{"href":"https:\/\/ilovemyhijab.com\/index.php\/wp-json\/wp\/v2\/product\/8527","targetHints":{"allow":["GET"]}}],"collection":[{"href":"https:\/\/ilovemyhijab.com\/index.php\/wp-json\/wp\/v2\/product"}],"about":[{"href":"https:\/\/ilovemyhijab.com\/index.php\/wp-json\/wp\/v2\/types\/product"}],"version-history":[{"count":1,"href":"https:\/\/ilovemyhijab.com\/index.php\/wp-json\/wp\/v2\/product\/8527\/revisions"}],"predecessor-version":[{"id":8536,"href":"https:\/\/ilovemyhijab.com\/index.php\/wp-json\/wp\/v2\/product\/8527\/revisions\/8536"}],"wp:featuredmedia":[{"embeddable":true,"href":"https:\/\/ilovemyhijab.com\/index.php\/wp-json\/wp\/v2\/media\/8534"}],"wp:attachment":[{"href":"https:\/\/ilovemyhijab.com\/index.php\/wp-json\/wp\/v2\/media?parent=8527"}],"wp:term":[{"taxonomy":"product_brand","embeddable":true,"href":"https:\/\/ilovemyhijab.com\/index.php\/wp-json\/wp\/v2\/product_brand?post=8527"},{"taxonomy":"product_cat","embeddable":true,"href":"https:\/\/ilovemyhijab.com\/index.php\/wp-json\/wp\/v2\/product_cat?post=8527"},{"taxonomy":"product_tag","embeddable":true,"href":"https:\/\/ilovemyhijab.com\/index.php\/wp-json\/wp\/v2\/product_tag?post=8527"}],"curies":[{"name":"wp","href":"https:\/\/api.w.org\/{rel}","templated":true}]}}