{"id":8228,"date":"2024-09-13T01:19:27","date_gmt":"2024-09-13T01:19:27","guid":{"rendered":"https:\/\/ilovemyhijab.com\/?post_type=product&#038;p=8228"},"modified":"2025-10-30T18:25:08","modified_gmt":"2025-10-30T18:25:08","slug":"mellemlang-jazz-khimar-lysegraa","status":"publish","type":"product","link":"https:\/\/ilovemyhijab.com\/index.php\/vare\/mellemlang-jazz-khimar-lysegraa\/","title":{"rendered":"Mellemlang jazz khimar &#8211; lysegr\u00e5"},"content":{"rendered":"","protected":false},"excerpt":{"rendered":"<p>Mellemlang jazz khimar med tie back pandeb\u00e5nd.<\/p>\n<p>&nbsp;<\/p>\n<p>Vaskeanvisning:<\/p>\n<p>\u2022Maskinvask, lav centrifugering 30 \u00b0C<\/p>\n<p>\u2022M\u00e5 ikke bleges<\/p>\n<p>\u2022M\u00e5 ikke t\u00f8rretumbles<\/p>\n<p>\u2022Stryges ved lav temp.<\/p>\n<p>\u2022T\u00f8rres p\u00e5 t\u00f8rrestativ<\/p>\n<p>V\u00e6r opm\u00e6rksom p\u00e5, at farven p\u00e5 billedet kan afvige en smule fra virkeligheden.<\/p>\n","protected":false},"featured_media":8225,"template":"","meta":{"om_disable_all_campaigns":false,"_monsterinsights_skip_tracking":false,"_monsterinsights_sitenote_active":false,"_monsterinsights_sitenote_note":"","_monsterinsights_sitenote_category":0,"advanced_seo_description":"","jetpack_seo_html_title":"","jetpack_seo_noindex":false},"product_brand":[],"product_cat":[23,292],"product_tag":[256,273,277,276,217],"class_list":{"0":"post-8228","1":"product","2":"type-product","3":"status-publish","4":"has-post-thumbnail","6":"product_cat-khimar","7":"product_cat-mellemlangkhimar","8":"product_tag-abaya","9":"product_tag-hijab","10":"product_tag-i-love-my-hijab","11":"product_tag-jazz-khimar","12":"product_tag-khimar","14":"first","15":"instock","16":"taxable","17":"shipping-taxable","18":"purchasable","19":"product-type-simple"},"jetpack_sharing_enabled":true,"_links":{"self":[{"href":"https:\/\/ilovemyhijab.com\/index.php\/wp-json\/wp\/v2\/product\/8228","targetHints":{"allow":["GET"]}}],"collection":[{"href":"https:\/\/ilovemyhijab.com\/index.php\/wp-json\/wp\/v2\/product"}],"about":[{"href":"https:\/\/ilovemyhijab.com\/index.php\/wp-json\/wp\/v2\/types\/product"}],"version-history":[{"count":1,"href":"https:\/\/ilovemyhijab.com\/index.php\/wp-json\/wp\/v2\/product\/8228\/revisions"}],"predecessor-version":[{"id":8229,"href":"https:\/\/ilovemyhijab.com\/index.php\/wp-json\/wp\/v2\/product\/8228\/revisions\/8229"}],"wp:featuredmedia":[{"embeddable":true,"href":"https:\/\/ilovemyhijab.com\/index.php\/wp-json\/wp\/v2\/media\/8225"}],"wp:attachment":[{"href":"https:\/\/ilovemyhijab.com\/index.php\/wp-json\/wp\/v2\/media?parent=8228"}],"wp:term":[{"taxonomy":"product_brand","embeddable":true,"href":"https:\/\/ilovemyhijab.com\/index.php\/wp-json\/wp\/v2\/product_brand?post=8228"},{"taxonomy":"product_cat","embeddable":true,"href":"https:\/\/ilovemyhijab.com\/index.php\/wp-json\/wp\/v2\/product_cat?post=8228"},{"taxonomy":"product_tag","embeddable":true,"href":"https:\/\/ilovemyhijab.com\/index.php\/wp-json\/wp\/v2\/product_tag?post=8228"}],"curies":[{"name":"wp","href":"https:\/\/api.w.org\/{rel}","templated":true}]}}