{"id":6943,"date":"2024-03-15T09:47:11","date_gmt":"2024-03-15T09:47:11","guid":{"rendered":"https:\/\/ilovemyhijab.com\/?post_type=product&#038;p=6943"},"modified":"2026-01-11T20:51:08","modified_gmt":"2026-01-11T20:51:08","slug":"abaya-med-tulipan-manchetter-sort","status":"publish","type":"product","link":"https:\/\/ilovemyhijab.com\/index.php\/vare\/abaya-med-tulipan-manchetter-sort\/","title":{"rendered":"Abaya med tulipan manchetter &#8211; sort"},"content":{"rendered":"","protected":false},"excerpt":{"rendered":"<p>Smukt og elegant abaya med tulipan manchetter. Den har en rund halsudsk\u00e6ring og flot vidde. Den falder fint og har en l\u00e6ngde fra skulderen ca. 145 cm.<\/p>\n<p>ONE SIZE &#8211; passer op til st\u00f8rrelse 46.<\/p>\n<p>Produceret i Dubai silke stof*.<\/p>\n<p>*stoffet er ikke fra Dubai og det er ikke silke. Det er navnet p\u00e5 materialet.<\/p>\n<p>Detaljeret information<\/p>\n<p>\u2022Maskinvask, halvt fyldt, kort centrifugering 30\u00b0C<br \/>\n\u2022M\u00e5 ikke bleges.<br \/>\n\u2022M\u00e5 ikke t\u00f8rretumbles.<br \/>\n\u2022Stryges ved lav temp. H\u00f8jeste temp. 100\u00b0C<br \/>\n\u2022T\u00f8rres p\u00e5 t\u00f8rrestativ<\/p>\n<p>V\u00e6r opm\u00e6rksom p\u00e5, at farven p\u00e5 billedet kan afvige en smule fra virkeligheden, da det afh\u00e6nger af sk\u00e6rmens farvekalibrering.<\/p>\n","protected":false},"featured_media":6944,"template":"","meta":{"om_disable_all_campaigns":false,"_monsterinsights_skip_tracking":false,"_monsterinsights_sitenote_active":false,"_monsterinsights_sitenote_note":"","_monsterinsights_sitenote_category":0,"advanced_seo_description":"","jetpack_seo_html_title":"","jetpack_seo_noindex":false},"product_brand":[],"product_cat":[250],"product_tag":[256,273,277,217],"class_list":{"0":"post-6943","1":"product","2":"type-product","3":"status-publish","4":"has-post-thumbnail","6":"product_cat-tilbud","7":"product_tag-abaya","8":"product_tag-hijab","9":"product_tag-i-love-my-hijab","10":"product_tag-khimar","11":"pa_stoerrelse-108","12":"pa_stoerrelse-117","13":"pa_stoerrelse-121","14":"pa_stoerrelse-127","15":"pa_stoerrelse-128","16":"pa_stoerrelse-110","17":"pa_stoerrelse-113","18":"pa_stoerrelse-114","19":"pa_stoerrelse-115","21":"first","22":"instock","23":"sale","24":"taxable","25":"shipping-taxable","26":"purchasable","27":"product-type-simple"},"jetpack_sharing_enabled":true,"_links":{"self":[{"href":"https:\/\/ilovemyhijab.com\/index.php\/wp-json\/wp\/v2\/product\/6943","targetHints":{"allow":["GET"]}}],"collection":[{"href":"https:\/\/ilovemyhijab.com\/index.php\/wp-json\/wp\/v2\/product"}],"about":[{"href":"https:\/\/ilovemyhijab.com\/index.php\/wp-json\/wp\/v2\/types\/product"}],"version-history":[{"count":2,"href":"https:\/\/ilovemyhijab.com\/index.php\/wp-json\/wp\/v2\/product\/6943\/revisions"}],"predecessor-version":[{"id":8260,"href":"https:\/\/ilovemyhijab.com\/index.php\/wp-json\/wp\/v2\/product\/6943\/revisions\/8260"}],"wp:featuredmedia":[{"embeddable":true,"href":"https:\/\/ilovemyhijab.com\/index.php\/wp-json\/wp\/v2\/media\/6944"}],"wp:attachment":[{"href":"https:\/\/ilovemyhijab.com\/index.php\/wp-json\/wp\/v2\/media?parent=6943"}],"wp:term":[{"taxonomy":"product_brand","embeddable":true,"href":"https:\/\/ilovemyhijab.com\/index.php\/wp-json\/wp\/v2\/product_brand?post=6943"},{"taxonomy":"product_cat","embeddable":true,"href":"https:\/\/ilovemyhijab.com\/index.php\/wp-json\/wp\/v2\/product_cat?post=6943"},{"taxonomy":"product_tag","embeddable":true,"href":"https:\/\/ilovemyhijab.com\/index.php\/wp-json\/wp\/v2\/product_tag?post=6943"}],"curies":[{"name":"wp","href":"https:\/\/api.w.org\/{rel}","templated":true}]}}