{"id":5516,"date":"2023-08-11T14:33:34","date_gmt":"2023-08-11T14:33:34","guid":{"rendered":"https:\/\/ilovemyhijab.com\/?post_type=product&#038;p=5516"},"modified":"2024-12-03T21:05:31","modified_gmt":"2024-12-03T21:05:31","slug":"baeredygtig-ponte-knit-kjole-blaa","status":"publish","type":"product","link":"https:\/\/ilovemyhijab.com\/index.php\/vare\/baeredygtig-ponte-knit-kjole-blaa\/","title":{"rendered":"B\u00e6redygtig ponte knit kjole &#8211; bl\u00e5"},"content":{"rendered":"","protected":false},"excerpt":{"rendered":"<p>PROMO PRIS! <\/p>\n<p>Vores Ponte Knit kjole er ekstra bl\u00f8d og med en silke, luksuri\u00f8st strejf med en bl\u00f8d drapering. Produceret i double-face jersey i bl\u00f8d kvalitet med fast str\u00e6k og en fremragende evne til at vende tilbage til dens originale form. Den er produceret med TENCEL fibre &#8211;  s\u00e5 udover at v\u00e6re dejlig at se og r\u00f8re ved, er den ogs\u00e5 lavet med b\u00e6redygtige fibre. TENCEL\u2122 er gendannede fibre, som er lavet af tr\u00e6masse fra b\u00e6redygtig b\u00f8g og eukalyptus. Cellulose fibrene fra tr\u00e6et er lavet til fibre der kan blive spundet og v\u00e6vet. Alt dette sker i en closed-loop produktionsproces, med ingen spild, da al vand, energi etc. er genbrugt eller genbehandlet. Sammens\u00e6tningen af de naturlige fibre fra tr\u00e6et g\u00f8r TENCEL\u2122 meget behagelig at have p\u00e5. Den er bl\u00f8d og \u00e5ndbar, og den har en stor evne til at absorbere fugt og transportere det v\u00e6k fra kroppen. Fra naturens side er fibrene anti-bakterielle, og TENCEL\u2122 kr\u00e6ver f\u00e6rre vask. Da det er naturlige fibre, bliver TENCEL\u2122 ikke statisk og klamrer sig ikke til kroppen.<\/p>\n<p>\u25cf Sammens\u00e6tning: 68% TENCEL\u2122 Lyocell \/ 30% Nylon \/ 2% Elastan. <\/p>\n<p>\u25cf Lavet med TENCEL\u2122 Lyocell fibre. <\/p>\n<p>\u25cf Certificeret gennem LENZING\u2122  og STANDARD 100 af OEKO-TEX\u00ae.<\/p>\n<p>\u25cf Corozo Buttons, ogs\u00e5 kendt som \u201cvegetable ivory\u201d, er en plantebaseret, \u00f8kologisk ansvarligt materiale. I mods\u00e6tning til plastik, er den uskadelig og biologisk nedbrydelig<\/p>\n<p>L\u00c6NGDE: 150 cm. <\/p>\n<p>PRODUCERET I DANMARK<\/p>\n<p>VASK MED OMHU: ved 30\u00b0C med lignende farver. <\/p>\n","protected":false},"featured_media":5520,"template":"","meta":{"om_disable_all_campaigns":false,"_monsterinsights_skip_tracking":false,"_monsterinsights_sitenote_active":false,"_monsterinsights_sitenote_note":"","_monsterinsights_sitenote_category":0,"advanced_seo_description":"","jetpack_seo_html_title":"","jetpack_seo_noindex":false},"product_brand":[],"product_cat":[238],"product_tag":[],"class_list":{"0":"post-5516","1":"product","2":"type-product","3":"status-publish","4":"has-post-thumbnail","6":"product_cat-baeredygtigabaya","7":"pa_size-l","8":"pa_size-m","9":"pa_size-xl","11":"first","12":"instock","13":"taxable","14":"shipping-taxable","15":"purchasable","16":"product-type-variable"},"jetpack_sharing_enabled":true,"_links":{"self":[{"href":"https:\/\/ilovemyhijab.com\/index.php\/wp-json\/wp\/v2\/product\/5516","targetHints":{"allow":["GET"]}}],"collection":[{"href":"https:\/\/ilovemyhijab.com\/index.php\/wp-json\/wp\/v2\/product"}],"about":[{"href":"https:\/\/ilovemyhijab.com\/index.php\/wp-json\/wp\/v2\/types\/product"}],"version-history":[{"count":1,"href":"https:\/\/ilovemyhijab.com\/index.php\/wp-json\/wp\/v2\/product\/5516\/revisions"}],"predecessor-version":[{"id":5523,"href":"https:\/\/ilovemyhijab.com\/index.php\/wp-json\/wp\/v2\/product\/5516\/revisions\/5523"}],"wp:featuredmedia":[{"embeddable":true,"href":"https:\/\/ilovemyhijab.com\/index.php\/wp-json\/wp\/v2\/media\/5520"}],"wp:attachment":[{"href":"https:\/\/ilovemyhijab.com\/index.php\/wp-json\/wp\/v2\/media?parent=5516"}],"wp:term":[{"taxonomy":"product_brand","embeddable":true,"href":"https:\/\/ilovemyhijab.com\/index.php\/wp-json\/wp\/v2\/product_brand?post=5516"},{"taxonomy":"product_cat","embeddable":true,"href":"https:\/\/ilovemyhijab.com\/index.php\/wp-json\/wp\/v2\/product_cat?post=5516"},{"taxonomy":"product_tag","embeddable":true,"href":"https:\/\/ilovemyhijab.com\/index.php\/wp-json\/wp\/v2\/product_tag?post=5516"}],"curies":[{"name":"wp","href":"https:\/\/api.w.org\/{rel}","templated":true}]}}