{"id":5464,"date":"2023-08-11T13:09:24","date_gmt":"2023-08-11T13:09:24","guid":{"rendered":"https:\/\/ilovemyhijab.com\/?post_type=product&#038;p=5464"},"modified":"2023-08-30T22:11:15","modified_gmt":"2023-08-30T22:11:15","slug":"crepe-toerklaede-bordeaux","status":"publish","type":"product","link":"https:\/\/ilovemyhijab.com\/index.php\/vare\/crepe-toerklaede-bordeaux\/","title":{"rendered":"CREPE T\u00d8RKL\u00c6DE &#8211; BORDEAUX"},"content":{"rendered":"","protected":false},"excerpt":{"rendered":"<p>Crepe t\u00f8rkl\u00e6de i let og tyndt v\u00e6vet materiale med ternet m\u00f8nster p\u00e5. <\/p>\n<p>ST\u00d8RRELSE<br \/>\n150&#215;150 cm.<\/p>\n<p>VASKEINSTRUKTION<br \/>\nVi anbefaler\u00a0vask\u00a0ved 30. T\u00f8rretumbling frar\u00e5des.<\/p>\n<p>&nbsp;<\/p>\n","protected":false},"featured_media":5452,"template":"","meta":{"om_disable_all_campaigns":false,"_monsterinsights_skip_tracking":false,"_monsterinsights_sitenote_active":false,"_monsterinsights_sitenote_note":"","_monsterinsights_sitenote_category":0,"advanced_seo_description":"","jetpack_seo_html_title":"","jetpack_seo_noindex":false},"product_brand":[],"product_cat":[47],"product_tag":[],"class_list":{"0":"post-5464","1":"product","2":"type-product","3":"status-publish","4":"has-post-thumbnail","6":"product_cat-crepe-stor","8":"first","9":"instock","10":"taxable","11":"shipping-taxable","12":"purchasable","13":"product-type-simple"},"jetpack_sharing_enabled":true,"_links":{"self":[{"href":"https:\/\/ilovemyhijab.com\/index.php\/wp-json\/wp\/v2\/product\/5464","targetHints":{"allow":["GET"]}}],"collection":[{"href":"https:\/\/ilovemyhijab.com\/index.php\/wp-json\/wp\/v2\/product"}],"about":[{"href":"https:\/\/ilovemyhijab.com\/index.php\/wp-json\/wp\/v2\/types\/product"}],"version-history":[{"count":1,"href":"https:\/\/ilovemyhijab.com\/index.php\/wp-json\/wp\/v2\/product\/5464\/revisions"}],"predecessor-version":[{"id":5465,"href":"https:\/\/ilovemyhijab.com\/index.php\/wp-json\/wp\/v2\/product\/5464\/revisions\/5465"}],"wp:featuredmedia":[{"embeddable":true,"href":"https:\/\/ilovemyhijab.com\/index.php\/wp-json\/wp\/v2\/media\/5452"}],"wp:attachment":[{"href":"https:\/\/ilovemyhijab.com\/index.php\/wp-json\/wp\/v2\/media?parent=5464"}],"wp:term":[{"taxonomy":"product_brand","embeddable":true,"href":"https:\/\/ilovemyhijab.com\/index.php\/wp-json\/wp\/v2\/product_brand?post=5464"},{"taxonomy":"product_cat","embeddable":true,"href":"https:\/\/ilovemyhijab.com\/index.php\/wp-json\/wp\/v2\/product_cat?post=5464"},{"taxonomy":"product_tag","embeddable":true,"href":"https:\/\/ilovemyhijab.com\/index.php\/wp-json\/wp\/v2\/product_tag?post=5464"}],"curies":[{"name":"wp","href":"https:\/\/api.w.org\/{rel}","templated":true}]}}