{"id":4670,"date":"2023-05-03T03:04:02","date_gmt":"2023-05-03T03:04:02","guid":{"rendered":"https:\/\/ilovemyhijab.com\/?post_type=product&#038;p=4670"},"modified":"2025-10-22T17:35:19","modified_gmt":"2025-10-22T17:35:19","slug":"chiffon-sjal-chestnut","status":"publish","type":"product","link":"https:\/\/ilovemyhijab.com\/index.php\/vare\/chiffon-sjal-chestnut\/","title":{"rendered":"CHIFFON SJAL &#8211; CHESTNUT"},"content":{"rendered":"","protected":false},"excerpt":{"rendered":"<p>Klassisk tyndt chiffon sjal\u00a0i helt enkelt design.\u00a0Materialet er let- &#038; tyndtv\u00e6vet. Vi anbefaler amta.<\/p>\n<p>ST\u00d8RRELSE<br \/>\n75 x 200 cm.<\/p>\n<p>MATERIALE<br \/>\n100% chiffon<\/p>\n<p>VASKEANVISNING<br \/>\nVi anbefaler vask ved 30\u00b0. T\u00f8rretumbling frar\u00e5des.<\/p>\n<p>V\u00e6r opm\u00e6rksom p\u00e5, at farven p\u00e5 billedet kan afvige en smule fra virkeligheden, da det afh\u00e6nger af sk\u00e6rmens farvekalibrering.<\/p>\n","protected":false},"featured_media":4671,"template":"","meta":{"om_disable_all_campaigns":false,"_monsterinsights_skip_tracking":false,"_monsterinsights_sitenote_active":false,"_monsterinsights_sitenote_note":"","_monsterinsights_sitenote_category":0,"advanced_seo_description":"","jetpack_seo_html_title":"","jetpack_seo_noindex":false},"product_brand":[],"product_cat":[48],"product_tag":[],"class_list":{"0":"post-4670","1":"product","2":"type-product","3":"status-publish","4":"has-post-thumbnail","6":"product_cat-chiffon-sjal","8":"first","9":"instock","10":"taxable","11":"shipping-taxable","12":"purchasable","13":"product-type-simple"},"jetpack_sharing_enabled":true,"_links":{"self":[{"href":"https:\/\/ilovemyhijab.com\/index.php\/wp-json\/wp\/v2\/product\/4670","targetHints":{"allow":["GET"]}}],"collection":[{"href":"https:\/\/ilovemyhijab.com\/index.php\/wp-json\/wp\/v2\/product"}],"about":[{"href":"https:\/\/ilovemyhijab.com\/index.php\/wp-json\/wp\/v2\/types\/product"}],"version-history":[{"count":1,"href":"https:\/\/ilovemyhijab.com\/index.php\/wp-json\/wp\/v2\/product\/4670\/revisions"}],"predecessor-version":[{"id":4672,"href":"https:\/\/ilovemyhijab.com\/index.php\/wp-json\/wp\/v2\/product\/4670\/revisions\/4672"}],"wp:featuredmedia":[{"embeddable":true,"href":"https:\/\/ilovemyhijab.com\/index.php\/wp-json\/wp\/v2\/media\/4671"}],"wp:attachment":[{"href":"https:\/\/ilovemyhijab.com\/index.php\/wp-json\/wp\/v2\/media?parent=4670"}],"wp:term":[{"taxonomy":"product_brand","embeddable":true,"href":"https:\/\/ilovemyhijab.com\/index.php\/wp-json\/wp\/v2\/product_brand?post=4670"},{"taxonomy":"product_cat","embeddable":true,"href":"https:\/\/ilovemyhijab.com\/index.php\/wp-json\/wp\/v2\/product_cat?post=4670"},{"taxonomy":"product_tag","embeddable":true,"href":"https:\/\/ilovemyhijab.com\/index.php\/wp-json\/wp\/v2\/product_tag?post=4670"}],"curies":[{"name":"wp","href":"https:\/\/api.w.org\/{rel}","templated":true}]}}