{"id":3967,"date":"2023-04-15T15:16:05","date_gmt":"2023-04-15T15:16:05","guid":{"rendered":"https:\/\/ilovemyhijab.com\/?post_type=product&#038;p=3967"},"modified":"2023-04-22T23:13:58","modified_gmt":"2023-04-22T23:13:58","slug":"gavekort","status":"publish","type":"product","link":"https:\/\/ilovemyhijab.com\/index.php\/vare\/gavekort\/","title":{"rendered":"Gavekort"},"content":{"rendered":"","protected":false},"excerpt":{"rendered":"<p>Leder du efter en rigtig god gave, til en du holder s\u00e6rligt af?<\/p>\n<p>&nbsp;<\/p>\n<p>Nu har du mulighed for at give et gavekort til I LOVE MY HIJAB webshop og lade modtageren selv bestemme sin egen gave fra vores store udvalg.<\/p>\n<p>&nbsp;<\/p>\n<p>V\u00e6lg et bel\u00f8b fra 100 kr. til 1000 kr. som du \u00f8nsker som v\u00e6rdi p\u00e5 gavekortet, tilf\u00f8j gavekortet til kurven og g\u00e5 til betaling.<\/p>\n<p>&nbsp;<\/p>\n<p>Vi sender gavekortet med posten.<\/p>\n<p>&nbsp;<\/p>\n<p>Ved brug af gavekort p\u00e5 hjemmesiden, skal kuponkoden skrives i feltet &#8220;Gavetekst\/v\u00e6rdikode&#8221; under bem\u00e6rkning.<\/p>\n<p>&nbsp;<\/p>\n<p>Gavekortet kan indl\u00f8ses i vores webshop. Gavekort kan bruges til delbetaling eller betaling af ordrer. Gavekortet vil blive trukket fra det totale bel\u00f8b, inden pengene bliver trukket p\u00e5 betalingskortet.<\/p>\n<p>&nbsp;<\/p>\n<p>Vi g\u00f8r opm\u00e6rksom p\u00e5, at gavekortet ikke kan ombyttes til kontanter.<\/p>\n<p>&nbsp;<\/p>\n<p>Gavekort er g\u00e6ldende i 1 \u00e5r.<\/p>\n<p>&nbsp;<\/p>\n<p>Gavekort der er mistet eller gavekort der er udl\u00f8bet, erstattes ikke.<\/p>\n","protected":false},"featured_media":3960,"template":"","meta":{"om_disable_all_campaigns":false,"_monsterinsights_skip_tracking":false,"_monsterinsights_sitenote_active":false,"_monsterinsights_sitenote_note":"","_monsterinsights_sitenote_category":0,"advanced_seo_description":"","jetpack_seo_html_title":"","jetpack_seo_noindex":false},"product_brand":[],"product_cat":[189],"product_tag":[196],"class_list":{"0":"post-3967","1":"product","2":"type-product","3":"status-publish","4":"has-post-thumbnail","6":"product_cat-gavekort","7":"product_tag-gavekort","8":"pa_size-190","9":"pa_size-195","10":"pa_size-191","11":"pa_size-192","12":"pa_size-193","13":"pa_size-194","15":"first","16":"instock","17":"taxable","18":"shipping-taxable","19":"purchasable","20":"product-type-variable"},"jetpack_sharing_enabled":true,"_links":{"self":[{"href":"https:\/\/ilovemyhijab.com\/index.php\/wp-json\/wp\/v2\/product\/3967","targetHints":{"allow":["GET"]}}],"collection":[{"href":"https:\/\/ilovemyhijab.com\/index.php\/wp-json\/wp\/v2\/product"}],"about":[{"href":"https:\/\/ilovemyhijab.com\/index.php\/wp-json\/wp\/v2\/types\/product"}],"version-history":[{"count":2,"href":"https:\/\/ilovemyhijab.com\/index.php\/wp-json\/wp\/v2\/product\/3967\/revisions"}],"predecessor-version":[{"id":4016,"href":"https:\/\/ilovemyhijab.com\/index.php\/wp-json\/wp\/v2\/product\/3967\/revisions\/4016"}],"wp:featuredmedia":[{"embeddable":true,"href":"https:\/\/ilovemyhijab.com\/index.php\/wp-json\/wp\/v2\/media\/3960"}],"wp:attachment":[{"href":"https:\/\/ilovemyhijab.com\/index.php\/wp-json\/wp\/v2\/media?parent=3967"}],"wp:term":[{"taxonomy":"product_brand","embeddable":true,"href":"https:\/\/ilovemyhijab.com\/index.php\/wp-json\/wp\/v2\/product_brand?post=3967"},{"taxonomy":"product_cat","embeddable":true,"href":"https:\/\/ilovemyhijab.com\/index.php\/wp-json\/wp\/v2\/product_cat?post=3967"},{"taxonomy":"product_tag","embeddable":true,"href":"https:\/\/ilovemyhijab.com\/index.php\/wp-json\/wp\/v2\/product_tag?post=3967"}],"curies":[{"name":"wp","href":"https:\/\/api.w.org\/{rel}","templated":true}]}}