{"id":3673,"date":"2023-03-21T03:12:43","date_gmt":"2023-03-21T03:12:43","guid":{"rendered":"https:\/\/ilovemyhijab.com\/?post_type=product&#038;p=3673"},"modified":"2026-03-07T01:36:51","modified_gmt":"2026-03-07T01:36:51","slug":"medina-silke-khimar-2-lag-graa","status":"publish","type":"product","link":"https:\/\/ilovemyhijab.com\/index.php\/vare\/medina-silke-khimar-2-lag-graa\/","title":{"rendered":"Medina silke khimar 2 lag &#8211; gr\u00e5"},"content":{"rendered":"","protected":false},"excerpt":{"rendered":"<p>Medina silke khimar med 2 lag og\u00a0 med tie back pandeb\u00e5nd. Meget let at tage p\u00e5. Det integrerede pandeb\u00e5nd bindes bag nakken, p\u00e5 samme m\u00e5de som jilbab.<\/p>\n<p>Fremstillet i let medina silke stof, som er meget behagelig at have p\u00e5. Ikke gennemsigtig.<\/p>\n<p>Mulighed for ansigt sl\u00f8r.<\/p>\n<p>Khimars l\u00e6ngde fra hage og ned: ca. 85 cm<\/p>\n<p>Khimars l\u00e6ngde bag langs ryggen inkl. pandeb\u00e5nd: ca. 138 cm<\/p>\n<p>&nbsp;<\/p>\n<p><strong>Vaskeanvisning:<\/strong><\/p>\n<p>\u2022Maskinvask 30\u00b0C, halvt fyldt, kort centrifugering<\/p>\n<p>\u2022 M\u00e5 ikke bleges<\/p>\n<p>\u2022 M\u00e5 ikke t\u00f8rretumbles<\/p>\n<p>\u2022 Stryges ved lav temp. H\u00f8jeste temp. 100 \u00b0C<\/p>\n<p>\u2022T\u00f8rres p\u00e5 t\u00f8rrestativ<\/p>\n<p>&nbsp;<\/p>\n<p>V\u00e6r venligst opm\u00e6rksom p\u00e5, at farven p\u00e5 billedet kan afvige lidt fra den originale farve.<\/p>\n","protected":false},"featured_media":3674,"template":"","meta":{"om_disable_all_campaigns":false,"_monsterinsights_skip_tracking":false,"_monsterinsights_sitenote_active":false,"_monsterinsights_sitenote_note":"","_monsterinsights_sitenote_category":0,"advanced_seo_description":"","jetpack_seo_html_title":"","jetpack_seo_noindex":false},"product_brand":[],"product_cat":[23,147],"product_tag":[276,217],"class_list":{"0":"post-3673","1":"product","2":"type-product","3":"status-publish","4":"has-post-thumbnail","6":"product_cat-khimar","7":"product_cat-medina2lag","8":"product_tag-jazz-khimar","9":"product_tag-khimar","10":"pa_farve-aubergine","11":"pa_farve-bordeaux","12":"pa_farve-brun","13":"pa_farve-khaki-groen","14":"pa_farve-sort","15":"pa_stoerrelse-t2-163-168-cm","17":"first","18":"instock","19":"taxable","20":"shipping-taxable","21":"purchasable","22":"product-type-simple"},"jetpack_sharing_enabled":true,"_links":{"self":[{"href":"https:\/\/ilovemyhijab.com\/index.php\/wp-json\/wp\/v2\/product\/3673","targetHints":{"allow":["GET"]}}],"collection":[{"href":"https:\/\/ilovemyhijab.com\/index.php\/wp-json\/wp\/v2\/product"}],"about":[{"href":"https:\/\/ilovemyhijab.com\/index.php\/wp-json\/wp\/v2\/types\/product"}],"version-history":[{"count":3,"href":"https:\/\/ilovemyhijab.com\/index.php\/wp-json\/wp\/v2\/product\/3673\/revisions"}],"predecessor-version":[{"id":7674,"href":"https:\/\/ilovemyhijab.com\/index.php\/wp-json\/wp\/v2\/product\/3673\/revisions\/7674"}],"wp:featuredmedia":[{"embeddable":true,"href":"https:\/\/ilovemyhijab.com\/index.php\/wp-json\/wp\/v2\/media\/3674"}],"wp:attachment":[{"href":"https:\/\/ilovemyhijab.com\/index.php\/wp-json\/wp\/v2\/media?parent=3673"}],"wp:term":[{"taxonomy":"product_brand","embeddable":true,"href":"https:\/\/ilovemyhijab.com\/index.php\/wp-json\/wp\/v2\/product_brand?post=3673"},{"taxonomy":"product_cat","embeddable":true,"href":"https:\/\/ilovemyhijab.com\/index.php\/wp-json\/wp\/v2\/product_cat?post=3673"},{"taxonomy":"product_tag","embeddable":true,"href":"https:\/\/ilovemyhijab.com\/index.php\/wp-json\/wp\/v2\/product_tag?post=3673"}],"curies":[{"name":"wp","href":"https:\/\/api.w.org\/{rel}","templated":true}]}}