{"id":3215,"date":"2023-02-15T14:20:51","date_gmt":"2023-02-15T14:20:51","guid":{"rendered":"https:\/\/ilovemyhijab.com\/?post_type=product&#038;p=3215"},"modified":"2025-09-18T21:48:08","modified_gmt":"2025-09-18T21:48:08","slug":"pige-kjole-med-bindebaand","status":"publish","type":"product","link":"https:\/\/ilovemyhijab.com\/index.php\/vare\/pige-kjole-med-bindebaand\/","title":{"rendered":"Lang pige kjole med bindeb\u00e5nd"},"content":{"rendered":"","protected":false},"excerpt":{"rendered":"<p>Maxi kjole til piger med bindeb\u00e5nd i taljen. Kjolen har en rund halsudsk\u00e6ring og flot vidde. Produceret i medina silke stof*.<\/p>\n<p>Kjolen er lille i st\u00f8rrelsen, og vi anbefaler derfor at k\u00f8be en st\u00f8rrelse st\u00f8rre end normalt.<\/p>\n<p>M\u00e5l:<\/p>\n<p>8\/9 \u00e5r: skulder bredde = 29cm, taljen = 75 cm, l\u00e6ngde = 116 cm<\/p>\n<p>10\/11 \u00e5r: skulder bredde = 30 cm, taljen = 76 cm, l\u00e6ngde = 122 cm<\/p>\n<p>12\/13 \u00e5r: skulder bredde = 31 cm, taljen = 80 cm, l\u00e6ngde = 129 cm<\/p>\n<p>14\/15 \u00e5r: skulder bredde = 33cm, taljen = 86 cm, l\u00e6ngde = 135 cm<\/p>\n<p>16\/17 \u00e5r: skulder bredde = 34cm, taljen = 88 cm, l\u00e6ngde = 136 cm<\/p>\n<p>Vaske anvisning:<br \/>\n\u2022Maskinvask, halvt fyldt, kort centrifugering 30 \u00b0C<br \/>\n\u2022M\u00e5 ikke bleges<br \/>\n\u2022M\u00e5 ikke t\u00f8rretumbles<br \/>\n\u2022Stryges ved lav temp. H\u00f8jeste temp. 100 \u00b0C<br \/>\n\u2022T\u00f8rres p\u00e5 t\u00f8rrestativ<\/p>\n<p>*Det er ikke \u00e6gte silke og kommer ikke fra Medina. Det er et velkendt navn p\u00e5 stoffet. Behagelig og falder fint.<\/p>\n","protected":false},"featured_media":3217,"template":"","meta":{"om_disable_all_campaigns":false,"_monsterinsights_skip_tracking":false,"_monsterinsights_sitenote_active":false,"_monsterinsights_sitenote_note":"","_monsterinsights_sitenote_category":0,"advanced_seo_description":"","jetpack_seo_html_title":"","jetpack_seo_noindex":false},"product_brand":[],"product_cat":[31,157],"product_tag":[362,280,279],"class_list":{"0":"post-3215","1":"product","2":"type-product","3":"status-publish","4":"has-post-thumbnail","6":"product_cat-pige","7":"product_cat-pigekjoler","8":"product_tag-boernekjole","9":"product_tag-lang-kjole-til-piger","10":"product_tag-pige-kjole","11":"pa_farve-164","12":"pa_farve-165","13":"pa_farve-166","14":"pa_farve-167","15":"pa_farve-168","16":"pa_size-10-11-aar","17":"pa_size-12-13-aar","18":"pa_size-14-15-aar","19":"pa_size-16-17-aar","20":"pa_size-8-9-aar","22":"first","23":"instock","24":"taxable","25":"shipping-taxable","26":"purchasable","27":"product-type-variable"},"jetpack_sharing_enabled":true,"_links":{"self":[{"href":"https:\/\/ilovemyhijab.com\/index.php\/wp-json\/wp\/v2\/product\/3215","targetHints":{"allow":["GET"]}}],"collection":[{"href":"https:\/\/ilovemyhijab.com\/index.php\/wp-json\/wp\/v2\/product"}],"about":[{"href":"https:\/\/ilovemyhijab.com\/index.php\/wp-json\/wp\/v2\/types\/product"}],"version-history":[{"count":3,"href":"https:\/\/ilovemyhijab.com\/index.php\/wp-json\/wp\/v2\/product\/3215\/revisions"}],"predecessor-version":[{"id":3300,"href":"https:\/\/ilovemyhijab.com\/index.php\/wp-json\/wp\/v2\/product\/3215\/revisions\/3300"}],"wp:featuredmedia":[{"embeddable":true,"href":"https:\/\/ilovemyhijab.com\/index.php\/wp-json\/wp\/v2\/media\/3217"}],"wp:attachment":[{"href":"https:\/\/ilovemyhijab.com\/index.php\/wp-json\/wp\/v2\/media?parent=3215"}],"wp:term":[{"taxonomy":"product_brand","embeddable":true,"href":"https:\/\/ilovemyhijab.com\/index.php\/wp-json\/wp\/v2\/product_brand?post=3215"},{"taxonomy":"product_cat","embeddable":true,"href":"https:\/\/ilovemyhijab.com\/index.php\/wp-json\/wp\/v2\/product_cat?post=3215"},{"taxonomy":"product_tag","embeddable":true,"href":"https:\/\/ilovemyhijab.com\/index.php\/wp-json\/wp\/v2\/product_tag?post=3215"}],"curies":[{"name":"wp","href":"https:\/\/api.w.org\/{rel}","templated":true}]}}