{"id":2601,"date":"2022-12-13T14:20:58","date_gmt":"2022-12-13T14:20:58","guid":{"rendered":"https:\/\/ilovemyhijab.com\/?post_type=product&#038;p=2601"},"modified":"2025-11-04T03:09:04","modified_gmt":"2025-11-04T03:09:04","slug":"armeskjuler","status":"publish","type":"product","link":"https:\/\/ilovemyhijab.com\/index.php\/vare\/armeskjuler\/","title":{"rendered":"Lange \u00e6rmer &#8211; flere farver"},"content":{"rendered":"","protected":false},"excerpt":{"rendered":"<p>Lange \u00e6rmer til at holde armene d\u00e6kket. Produceret i premium quality jersey. Meget behagelige at have p\u00e5. F\u00e5s i flere farver.<\/p>\n","protected":false},"featured_media":5284,"template":"","meta":{"om_disable_all_campaigns":false,"_monsterinsights_skip_tracking":false,"_monsterinsights_sitenote_active":false,"_monsterinsights_sitenote_note":"","_monsterinsights_sitenote_category":0,"advanced_seo_description":"","jetpack_seo_html_title":"","jetpack_seo_noindex":false},"product_brand":[],"product_cat":[139],"product_tag":[],"class_list":{"0":"post-2601","1":"product","2":"type-product","3":"status-publish","4":"has-post-thumbnail","6":"product_cat-armeskjuler","7":"pa_farve-elfenben-farve","8":"pa_farve-gammelrosa","9":"pa_farve-hvid","10":"pa_farve-moerkeblaa","11":"pa_farve-rosa","12":"pa_farve-sort","14":"first","15":"instock","16":"taxable","17":"shipping-taxable","18":"purchasable","19":"product-type-variable"},"jetpack_sharing_enabled":true,"_links":{"self":[{"href":"https:\/\/ilovemyhijab.com\/index.php\/wp-json\/wp\/v2\/product\/2601","targetHints":{"allow":["GET"]}}],"collection":[{"href":"https:\/\/ilovemyhijab.com\/index.php\/wp-json\/wp\/v2\/product"}],"about":[{"href":"https:\/\/ilovemyhijab.com\/index.php\/wp-json\/wp\/v2\/types\/product"}],"version-history":[{"count":9,"href":"https:\/\/ilovemyhijab.com\/index.php\/wp-json\/wp\/v2\/product\/2601\/revisions"}],"predecessor-version":[{"id":5852,"href":"https:\/\/ilovemyhijab.com\/index.php\/wp-json\/wp\/v2\/product\/2601\/revisions\/5852"}],"wp:featuredmedia":[{"embeddable":true,"href":"https:\/\/ilovemyhijab.com\/index.php\/wp-json\/wp\/v2\/media\/5284"}],"wp:attachment":[{"href":"https:\/\/ilovemyhijab.com\/index.php\/wp-json\/wp\/v2\/media?parent=2601"}],"wp:term":[{"taxonomy":"product_brand","embeddable":true,"href":"https:\/\/ilovemyhijab.com\/index.php\/wp-json\/wp\/v2\/product_brand?post=2601"},{"taxonomy":"product_cat","embeddable":true,"href":"https:\/\/ilovemyhijab.com\/index.php\/wp-json\/wp\/v2\/product_cat?post=2601"},{"taxonomy":"product_tag","embeddable":true,"href":"https:\/\/ilovemyhijab.com\/index.php\/wp-json\/wp\/v2\/product_tag?post=2601"}],"curies":[{"name":"wp","href":"https:\/\/api.w.org\/{rel}","templated":true}]}}