{"id":2329,"date":"2022-12-05T03:10:20","date_gmt":"2022-12-05T03:10:20","guid":{"rendered":"https:\/\/ilovemyhijab.com\/?post_type=product&#038;p=2329"},"modified":"2025-11-04T01:16:10","modified_gmt":"2025-11-04T01:16:10","slug":"medina-silke-sjal-moerkegroen","status":"publish","type":"product","link":"https:\/\/ilovemyhijab.com\/index.php\/vare\/medina-silke-sjal-moerkegroen\/","title":{"rendered":"Medina silke sjal &#8211; m\u00f8rkegr\u00f8n"},"content":{"rendered":"","protected":false},"excerpt":{"rendered":"<p>Medina silke hijab produceret i meget bl\u00f8dt stof. Letv\u00e6gtigt men har stadig en struktur der g\u00f8r, at man ikke kan se igennem.<\/p>\n<p>&nbsp;<\/p>\n<p>ST\u00d8RRELSE<br \/>\n195\u00d775 cm<\/p>\n<p>MATERIALE<br \/>\n100% polyester<\/p>\n<p>&nbsp;<\/p>\n<p>VASKEANVISNING<br \/>\nH\u00e5nd eller maskinvask ved maks. 30\u00b0C. T\u00f8rretumbling frar\u00e5des.<\/p>\n<p>&nbsp;<\/p>\n<p>V\u00e6r opm\u00e6rksom p\u00e5, at farven p\u00e5 billedet kan afvige en smule fra virkeligheden, da det afh\u00e6nger af sk\u00e6rmens farvekalibrering.<\/p>\n","protected":false},"featured_media":4548,"template":"","meta":{"om_disable_all_campaigns":false,"_monsterinsights_skip_tracking":false,"_monsterinsights_sitenote_active":false,"_monsterinsights_sitenote_note":"","_monsterinsights_sitenote_category":0,"advanced_seo_description":"","jetpack_seo_html_title":"","jetpack_seo_noindex":false},"product_brand":[],"product_cat":[135,15],"product_tag":[],"class_list":{"0":"post-2329","1":"product","2":"type-product","3":"status-publish","4":"has-post-thumbnail","6":"product_cat-medinahijab","7":"product_cat-ukategoriseret","9":"first","10":"instock","11":"taxable","12":"shipping-taxable","13":"purchasable","14":"product-type-simple"},"jetpack_sharing_enabled":true,"_links":{"self":[{"href":"https:\/\/ilovemyhijab.com\/index.php\/wp-json\/wp\/v2\/product\/2329","targetHints":{"allow":["GET"]}}],"collection":[{"href":"https:\/\/ilovemyhijab.com\/index.php\/wp-json\/wp\/v2\/product"}],"about":[{"href":"https:\/\/ilovemyhijab.com\/index.php\/wp-json\/wp\/v2\/types\/product"}],"version-history":[{"count":3,"href":"https:\/\/ilovemyhijab.com\/index.php\/wp-json\/wp\/v2\/product\/2329\/revisions"}],"predecessor-version":[{"id":4558,"href":"https:\/\/ilovemyhijab.com\/index.php\/wp-json\/wp\/v2\/product\/2329\/revisions\/4558"}],"wp:featuredmedia":[{"embeddable":true,"href":"https:\/\/ilovemyhijab.com\/index.php\/wp-json\/wp\/v2\/media\/4548"}],"wp:attachment":[{"href":"https:\/\/ilovemyhijab.com\/index.php\/wp-json\/wp\/v2\/media?parent=2329"}],"wp:term":[{"taxonomy":"product_brand","embeddable":true,"href":"https:\/\/ilovemyhijab.com\/index.php\/wp-json\/wp\/v2\/product_brand?post=2329"},{"taxonomy":"product_cat","embeddable":true,"href":"https:\/\/ilovemyhijab.com\/index.php\/wp-json\/wp\/v2\/product_cat?post=2329"},{"taxonomy":"product_tag","embeddable":true,"href":"https:\/\/ilovemyhijab.com\/index.php\/wp-json\/wp\/v2\/product_tag?post=2329"}],"curies":[{"name":"wp","href":"https:\/\/api.w.org\/{rel}","templated":true}]}}