{"id":10220,"date":"2026-01-19T18:44:03","date_gmt":"2026-01-19T18:44:03","guid":{"rendered":"https:\/\/ilovemyhijab.com\/?post_type=product&#038;p=10220"},"modified":"2026-01-19T18:51:27","modified_gmt":"2026-01-19T18:51:27","slug":"eksklusivt-abaya-kimono-saet-specialdesignet","status":"publish","type":"product","link":"https:\/\/ilovemyhijab.com\/index.php\/vare\/eksklusivt-abaya-kimono-saet-specialdesignet\/","title":{"rendered":"Eksklusivt Abaya &#038; Kimono S\u00e6t \u2013 Specialdesignet"},"content":{"rendered":"<blockquote><p>&nbsp;<\/p><\/blockquote>\n","protected":false},"excerpt":{"rendered":"<p>Dette eksklusive s\u00e6t best\u00e5ende af abaya og kimono er specialdesignet og produceret med fokus p\u00e5 elegance, kvalitet og tidl\u00f8s femininitet. Designet kombinerer et rent, minimalistisk snit med raffinerede detaljer, der giver et smukt og flydende fald.<\/p>\n<p>Abayaen er skabt med diskrete l\u00e6g ved \u00e6rmer, som tilf\u00f8rer struktur uden at g\u00e5 p\u00e5 kompromis med lethed og komfort. Den matchende kimono fuldender udtrykket og tilf\u00f8rer et eksklusivt lag, der kan b\u00e6res \u00e5bent eller lukket for et mere markeret look.<\/p>\n<p>Materialet har smuk og flydende fald, hvilket g\u00f8r s\u00e6ttet ideelt til b\u00e5de s\u00e6rlige anledninger og elegante hverdagslooks. Det justerbare bindeb\u00e5nd i taljen giver en flatterende pasform og mulighed for personlig styling.<\/p>\n<p>Dette er et s\u00e6t skabt til kvinden, der v\u00e6rds\u00e6tter gennemt\u00e6nkt design, kvalitet og et sofistikeret udtryk.<\/p>\n<p>&nbsp;<\/p>\n<p><strong>Detaljer:<\/strong><\/p>\n<p>Eksklusivt s\u00e6t: Abaya + kimono<\/p>\n<p>Specialdesignet og produceret<\/p>\n<p>L\u00e6ngde: 150 cm<\/p>\n<p>Elegant l\u00e6gdesign ved \u00e6rmer<\/p>\n<p>Justerbart bindeb\u00e5nd i taljen<\/p>\n<p>Let og luksuri\u00f8st fald<\/p>\n<p>Tidl\u00f8st, feminint design<\/p>\n<p>&nbsp;<\/p>\n<p>Velegnet til: Festlige begivenheder, Eid, bryllupper, middage og elegante hverdage.<\/p>\n<p>&nbsp;<\/p>\n<p>L\u00e6ngde: 150 cm<\/p>\n<p>Farve: Pudderrosa<\/p>\n","protected":false},"featured_media":10228,"template":"","meta":{"om_disable_all_campaigns":false,"_monsterinsights_skip_tracking":false,"_monsterinsights_sitenote_active":false,"_monsterinsights_sitenote_note":"","_monsterinsights_sitenote_category":0,"advanced_seo_description":"","jetpack_seo_html_title":"","jetpack_seo_noindex":false},"product_brand":[],"product_cat":[199],"product_tag":[256,348,347,273,329,327,326,272,365],"class_list":{"0":"post-10220","1":"product","2":"type-product","3":"status-publish","4":"has-post-thumbnail","6":"product_cat-collaboration","7":"product_tag-abaya","8":"product_tag-eid-dress","9":"product_tag-eid-kjole","10":"product_tag-hijab","11":"product_tag-hijab-maxikjole","12":"product_tag-maxidress","13":"product_tag-maxikjole","14":"product_tag-modest-clothing","15":"product_tag-modest-toej","16":"pa_size-l","18":"first","19":"instock","20":"taxable","21":"shipping-taxable","22":"purchasable","23":"product-type-variable"},"jetpack_sharing_enabled":true,"_links":{"self":[{"href":"https:\/\/ilovemyhijab.com\/index.php\/wp-json\/wp\/v2\/product\/10220","targetHints":{"allow":["GET"]}}],"collection":[{"href":"https:\/\/ilovemyhijab.com\/index.php\/wp-json\/wp\/v2\/product"}],"about":[{"href":"https:\/\/ilovemyhijab.com\/index.php\/wp-json\/wp\/v2\/types\/product"}],"version-history":[{"count":1,"href":"https:\/\/ilovemyhijab.com\/index.php\/wp-json\/wp\/v2\/product\/10220\/revisions"}],"predecessor-version":[{"id":10226,"href":"https:\/\/ilovemyhijab.com\/index.php\/wp-json\/wp\/v2\/product\/10220\/revisions\/10226"}],"wp:featuredmedia":[{"embeddable":true,"href":"https:\/\/ilovemyhijab.com\/index.php\/wp-json\/wp\/v2\/media\/10228"}],"wp:attachment":[{"href":"https:\/\/ilovemyhijab.com\/index.php\/wp-json\/wp\/v2\/media?parent=10220"}],"wp:term":[{"taxonomy":"product_brand","embeddable":true,"href":"https:\/\/ilovemyhijab.com\/index.php\/wp-json\/wp\/v2\/product_brand?post=10220"},{"taxonomy":"product_cat","embeddable":true,"href":"https:\/\/ilovemyhijab.com\/index.php\/wp-json\/wp\/v2\/product_cat?post=10220"},{"taxonomy":"product_tag","embeddable":true,"href":"https:\/\/ilovemyhijab.com\/index.php\/wp-json\/wp\/v2\/product_tag?post=10220"}],"curies":[{"name":"wp","href":"https:\/\/api.w.org\/{rel}","templated":true}]}}