{"id":9686,"date":"2025-08-21T00:16:38","date_gmt":"2025-08-21T00:16:38","guid":{"rendered":"https:\/\/ilovemyhijab.com\/?page_id=9686"},"modified":"2026-01-11T19:58:35","modified_gmt":"2026-01-11T19:58:35","slug":"stoerrelsesguide","status":"publish","type":"page","link":"https:\/\/ilovemyhijab.com\/index.php\/stoerrelsesguide\/","title":{"rendered":"st\u00f8rrelsesguide"},"content":{"rendered":"\t\t<div data-elementor-type=\"wp-page\" data-elementor-id=\"9686\" class=\"elementor elementor-9686\" data-elementor-post-type=\"page\">\n\t\t\t\t\t\t<section class=\"elementor-section elementor-top-section elementor-element elementor-element-047d222 elementor-section-boxed elementor-section-height-default elementor-section-height-default\" data-id=\"047d222\" data-element_type=\"section\" data-e-type=\"section\">\n\t\t\t\t\t\t<div class=\"elementor-container elementor-column-gap-default\">\n\t\t\t\t\t<div class=\"elementor-column elementor-col-50 elementor-top-column elementor-element elementor-element-cd1838e\" data-id=\"cd1838e\" data-element_type=\"column\" data-e-type=\"column\">\n\t\t\t<div class=\"elementor-widget-wrap elementor-element-populated\">\n\t\t\t\t\t\t<div class=\"elementor-element elementor-element-62c759a elementor-widget elementor-widget-image\" data-id=\"62c759a\" data-element_type=\"widget\" data-e-type=\"widget\" data-widget_type=\"image.default\">\n\t\t\t\t<div class=\"elementor-widget-container\">\n\t\t\t\t\t\t\t\t\t\t\t\t\t\t\t<img fetchpriority=\"high\" decoding=\"async\" width=\"800\" height=\"270\" src=\"https:\/\/ilovemyhijab.com\/wp-content\/uploads\/2025\/08\/Picsart_25-08-15_17-14-10-934-800x270.jpg\" class=\"attachment-woocommerce_single size-woocommerce_single wp-image-9688\" alt=\"\" srcset=\"https:\/\/ilovemyhijab.com\/wp-content\/uploads\/2025\/08\/Picsart_25-08-15_17-14-10-934-800x270.jpg 800w, https:\/\/ilovemyhijab.com\/wp-content\/uploads\/2025\/08\/Picsart_25-08-15_17-14-10-934-300x101.jpg 300w, https:\/\/ilovemyhijab.com\/wp-content\/uploads\/2025\/08\/Picsart_25-08-15_17-14-10-934-1024x346.jpg 1024w, https:\/\/ilovemyhijab.com\/wp-content\/uploads\/2025\/08\/Picsart_25-08-15_17-14-10-934-768x259.jpg 768w, https:\/\/ilovemyhijab.com\/wp-content\/uploads\/2025\/08\/Picsart_25-08-15_17-14-10-934-1536x518.jpg 1536w, https:\/\/ilovemyhijab.com\/wp-content\/uploads\/2025\/08\/Picsart_25-08-15_17-14-10-934-2048x691.jpg 2048w, https:\/\/ilovemyhijab.com\/wp-content\/uploads\/2025\/08\/Picsart_25-08-15_17-14-10-934-1140x385.jpg 1140w, https:\/\/ilovemyhijab.com\/wp-content\/uploads\/2025\/08\/Picsart_25-08-15_17-14-10-934-920x311.jpg 920w, https:\/\/ilovemyhijab.com\/wp-content\/uploads\/2025\/08\/Picsart_25-08-15_17-14-10-934-575x194.jpg 575w, https:\/\/ilovemyhijab.com\/wp-content\/uploads\/2025\/08\/Picsart_25-08-15_17-14-10-934-380x128.jpg 380w\" sizes=\"(max-width: 800px) 100vw, 800px\" \/>\t\t\t\t\t\t\t\t\t\t\t\t\t\t\t<\/div>\n\t\t\t\t<\/div>\n\t\t\t\t<div class=\"elementor-element elementor-element-0de64ae elementor-widget elementor-widget-text-editor\" data-id=\"0de64ae\" data-element_type=\"widget\" data-e-type=\"widget\" data-widget_type=\"text-editor.default\">\n\t\t\t\t<div class=\"elementor-widget-container\">\n\t\t\t\t\t\t\t\t\t<p><strong>SADA Modest Noor kollektion\u00a0<\/strong><\/p><p>Hvordan m\u00e5ler jeg rigtigt?<\/p><p>\u00a0<\/p><p>For at f\u00e5 det mest retvisende billede af dine m\u00e5l, skal du have undert\u00f8j p\u00e5, n\u00e5r du m\u00e5ler dine kropsm\u00e5l.<\/p><p>V\u00e6r opm\u00e6rksom p\u00e5 at alle oplysninger p\u00e5 denne side er i cm; m\u00e5l altid vandret og ikke stramt omkring kroppen.<\/p><p>\u00a0<\/p><p>Brystvidde:<\/p><p>M\u00e5les korrekt ved at m\u00e5le det kraftigste sted p\u00e5 brystet, oftest midt p\u00e5 brystet.<\/p><p>\u00a0<\/p><p>Taljevidde:<\/p><p>Taljevidden m\u00e5les ved at anbringe m\u00e5leb\u00e5ndet p\u00e5 det smalleste sted p\u00e5 taljen.<\/p><p>\u00a0<\/p><p>Hoftevidde:<\/p><p>Her m\u00e5ler du det bredeste sted p\u00e5 hoften.<\/p>\t\t\t\t\t\t\t\t<\/div>\n\t\t\t\t<\/div>\n\t\t\t\t\t<\/div>\n\t\t<\/div>\n\t\t\t\t<div class=\"elementor-column elementor-col-50 elementor-top-column elementor-element elementor-element-1e28dd9\" data-id=\"1e28dd9\" data-element_type=\"column\" data-e-type=\"column\">\n\t\t\t<div class=\"elementor-widget-wrap\">\n\t\t\t\t\t\t\t<\/div>\n\t\t<\/div>\n\t\t\t\t\t<\/div>\n\t\t<\/section>\n\t\t\t\t<\/div>\n\t\t","protected":false},"excerpt":{"rendered":"<p>SADA Modest Noor kollektion\u00a0 Hvordan m\u00e5ler jeg rigtigt? \u00a0 For at f\u00e5 det mest retvisende billede af dine m\u00e5l, skal du have undert\u00f8j p\u00e5, n\u00e5r du m\u00e5ler dine kropsm\u00e5l. V\u00e6r [&hellip;]<\/p>\n","protected":false},"author":1,"featured_media":0,"parent":0,"menu_order":0,"comment_status":"closed","ping_status":"closed","template":"","meta":{"om_disable_all_campaigns":false,"_monsterinsights_skip_tracking":false,"_monsterinsights_sitenote_active":false,"_monsterinsights_sitenote_note":"","_monsterinsights_sitenote_category":0,"advanced_seo_description":"","jetpack_seo_html_title":"","jetpack_seo_noindex":false,"footnotes":""},"class_list":["post-9686","page","type-page","status-publish","hentry"],"jetpack_sharing_enabled":true,"_links":{"self":[{"href":"https:\/\/ilovemyhijab.com\/index.php\/wp-json\/wp\/v2\/pages\/9686","targetHints":{"allow":["GET"]}}],"collection":[{"href":"https:\/\/ilovemyhijab.com\/index.php\/wp-json\/wp\/v2\/pages"}],"about":[{"href":"https:\/\/ilovemyhijab.com\/index.php\/wp-json\/wp\/v2\/types\/page"}],"author":[{"embeddable":true,"href":"https:\/\/ilovemyhijab.com\/index.php\/wp-json\/wp\/v2\/users\/1"}],"replies":[{"embeddable":true,"href":"https:\/\/ilovemyhijab.com\/index.php\/wp-json\/wp\/v2\/comments?post=9686"}],"version-history":[{"count":10,"href":"https:\/\/ilovemyhijab.com\/index.php\/wp-json\/wp\/v2\/pages\/9686\/revisions"}],"predecessor-version":[{"id":10052,"href":"https:\/\/ilovemyhijab.com\/index.php\/wp-json\/wp\/v2\/pages\/9686\/revisions\/10052"}],"wp:attachment":[{"href":"https:\/\/ilovemyhijab.com\/index.php\/wp-json\/wp\/v2\/media?parent=9686"}],"curies":[{"name":"wp","href":"https:\/\/api.w.org\/{rel}","templated":true}]}}