{"id":926,"date":"2022-08-25T21:06:00","date_gmt":"2022-08-25T21:06:00","guid":{"rendered":"https:\/\/ilovemyhijab.com\/?page_id=926"},"modified":"2026-01-11T22:03:03","modified_gmt":"2026-01-11T22:03:03","slug":"privatlivs-politik-cookies","status":"publish","type":"page","link":"https:\/\/ilovemyhijab.com\/index.php\/privatlivs-politik-cookies\/","title":{"rendered":""},"content":{"rendered":"\t\t<div data-elementor-type=\"wp-page\" data-elementor-id=\"926\" class=\"elementor elementor-926\" data-elementor-post-type=\"page\">\n\t\t\t\t\t\t<section class=\"elementor-section elementor-top-section elementor-element elementor-element-7cd980d3 elementor-section-full_width elementor-section-stretched elementor-section-height-default elementor-section-height-default\" data-id=\"7cd980d3\" data-element_type=\"section\" data-e-type=\"section\" data-settings=\"{&quot;stretch_section&quot;:&quot;section-stretched&quot;,&quot;background_background&quot;:&quot;classic&quot;}\">\n\t\t\t\t\t\t<div class=\"elementor-container elementor-column-gap-no\">\n\t\t\t\t\t<div class=\"elementor-column elementor-col-100 elementor-top-column elementor-element elementor-element-2153ed82\" data-id=\"2153ed82\" data-element_type=\"column\" data-e-type=\"column\">\n\t\t\t<div class=\"elementor-widget-wrap elementor-element-populated\">\n\t\t\t\t\t\t<div class=\"elementor-element elementor-element-45b95e8 elementor-widget elementor-widget-text-editor\" data-id=\"45b95e8\" data-element_type=\"widget\" data-e-type=\"widget\" data-widget_type=\"text-editor.default\">\n\t\t\t\t<div class=\"elementor-widget-container\">\n\t\t\t\t\t\t\t\t\t<p>PRIVATLIVS POLITIK<\/p><p>1.1 Personlig information bliver h\u00e5ndteret p\u00e5 en sikker m\u00e5de. Alt gemt information bliver selvf\u00f8lgelig ikke videresolgt og er under ingen omst\u00e6ndigheder videredelt til en 3. Part. Informationer bliver blot brugt til at s\u00f8rge for at du f\u00e5r den bedst mulige service.<\/p><p>1.2 Vi sender ikke s\u00e6rlige tilbud eller andet materiale, hvis ikke du har skrevet dig op til vores nyhedsmail.<\/p><p>1.3 Alle kunder der betaler med kort eller andre betalingsmetoder p\u00e5 hjemmesiden vil blive godkendt.<\/p><p>1.4 Vi forebeholder os retten til at uds\u00e6tte en ordre hvis vi mist\u00e6nker svindel.<\/p><p>1.5 Betalingsinformation bliver ikke gemt i vores database og vi bruger en beskyttet betalingsgateway. Der er en lille l\u00e5s i adressen bar i din browser, i det \u00f8verste venstre hj\u00f8rne, som indikerer den sikre betalingsmodul.<\/p><p>2. COOKIES<\/p><p>2.1 Cookies er brugt p\u00e5 www.ilovemyhijab.com for at forbedre brugeroplevelsen. Cookies er ogs\u00e5 brugt til statistisk form\u00e5l, eftersom cookies genkender din computer og tillader siden at huske dine personlige indstillinger. Du kan nemt administrere cookies i din browser indstillinger.<\/p>\t\t\t\t\t\t\t\t<\/div>\n\t\t\t\t<\/div>\n\t\t\t\t\t<\/div>\n\t\t<\/div>\n\t\t\t\t\t<\/div>\n\t\t<\/section>\n\t\t\t\t<\/div>\n\t\t","protected":false},"excerpt":{"rendered":"<p>PRIVATLIVS POLITIK 1.1 Personlig information bliver h\u00e5ndteret p\u00e5 en sikker m\u00e5de. Alt gemt information bliver selvf\u00f8lgelig ikke videresolgt og er under ingen omst\u00e6ndigheder videredelt til en 3. Part. Informationer bliver [&hellip;]<\/p>\n","protected":false},"author":1,"featured_media":0,"parent":0,"menu_order":0,"comment_status":"closed","ping_status":"closed","template":"","meta":{"om_disable_all_campaigns":false,"_monsterinsights_skip_tracking":false,"_monsterinsights_sitenote_active":false,"_monsterinsights_sitenote_note":"","_monsterinsights_sitenote_category":0,"advanced_seo_description":"","jetpack_seo_html_title":"","jetpack_seo_noindex":false,"footnotes":""},"class_list":["post-926","page","type-page","status-publish","hentry"],"jetpack_sharing_enabled":true,"_links":{"self":[{"href":"https:\/\/ilovemyhijab.com\/index.php\/wp-json\/wp\/v2\/pages\/926","targetHints":{"allow":["GET"]}}],"collection":[{"href":"https:\/\/ilovemyhijab.com\/index.php\/wp-json\/wp\/v2\/pages"}],"about":[{"href":"https:\/\/ilovemyhijab.com\/index.php\/wp-json\/wp\/v2\/types\/page"}],"author":[{"embeddable":true,"href":"https:\/\/ilovemyhijab.com\/index.php\/wp-json\/wp\/v2\/users\/1"}],"replies":[{"embeddable":true,"href":"https:\/\/ilovemyhijab.com\/index.php\/wp-json\/wp\/v2\/comments?post=926"}],"version-history":[{"count":65,"href":"https:\/\/ilovemyhijab.com\/index.php\/wp-json\/wp\/v2\/pages\/926\/revisions"}],"predecessor-version":[{"id":10097,"href":"https:\/\/ilovemyhijab.com\/index.php\/wp-json\/wp\/v2\/pages\/926\/revisions\/10097"}],"wp:attachment":[{"href":"https:\/\/ilovemyhijab.com\/index.php\/wp-json\/wp\/v2\/media?parent=926"}],"curies":[{"name":"wp","href":"https:\/\/api.w.org\/{rel}","templated":true}]}}