{"id":888,"date":"2022-08-25T19:31:34","date_gmt":"2022-08-25T19:31:34","guid":{"rendered":"https:\/\/ilovemyhijab.com\/?page_id=888"},"modified":"2026-01-11T19:49:03","modified_gmt":"2026-01-11T19:49:03","slug":"om-os","status":"publish","type":"page","link":"https:\/\/ilovemyhijab.com\/index.php\/om-os\/","title":{"rendered":""},"content":{"rendered":"\t\t<div data-elementor-type=\"wp-page\" data-elementor-id=\"888\" class=\"elementor elementor-888\" data-elementor-post-type=\"page\">\n\t\t\t\t\t\t<section class=\"elementor-section elementor-top-section elementor-element elementor-element-14b0e36a elementor-section-full_width elementor-section-content-bottom elementor-section-stretched elementor-section-height-default elementor-section-height-default\" data-id=\"14b0e36a\" data-element_type=\"section\" data-e-type=\"section\" data-settings=\"{&quot;stretch_section&quot;:&quot;section-stretched&quot;}\">\n\t\t\t\t\t\t<div class=\"elementor-container elementor-column-gap-no\">\n\t\t\t\t\t<div class=\"elementor-column elementor-col-50 elementor-top-column elementor-element elementor-element-715f1fa5\" data-id=\"715f1fa5\" data-element_type=\"column\" data-e-type=\"column\" data-settings=\"{&quot;background_background&quot;:&quot;classic&quot;}\">\n\t\t\t<div class=\"elementor-widget-wrap elementor-element-populated\">\n\t\t\t\t\t\t<div class=\"elementor-element elementor-element-42791a1a elementor-widget elementor-widget-heading\" data-id=\"42791a1a\" data-element_type=\"widget\" data-e-type=\"widget\" data-widget_type=\"heading.default\">\n\t\t\t\t<div class=\"elementor-widget-container\">\n\t\t\t\t\t<h1 class=\"elementor-heading-title elementor-size-default\">Om os <\/h1>\t\t\t\t<\/div>\n\t\t\t\t<\/div>\n\t\t\t\t\t<\/div>\n\t\t<\/div>\n\t\t\t\t<div class=\"elementor-column elementor-col-50 elementor-top-column elementor-element elementor-element-76c4c81e\" data-id=\"76c4c81e\" data-element_type=\"column\" data-e-type=\"column\">\n\t\t\t<div class=\"elementor-widget-wrap elementor-element-populated\">\n\t\t\t\t\t\t<div class=\"elementor-element elementor-element-922bce elementor-widget__width-initial elementor-widget elementor-widget-image\" data-id=\"922bce\" data-element_type=\"widget\" data-e-type=\"widget\" data-widget_type=\"image.default\">\n\t\t\t\t<div class=\"elementor-widget-container\">\n\t\t\t\t\t\t\t\t\t\t\t\t\t\t\t<img fetchpriority=\"high\" decoding=\"async\" width=\"1024\" height=\"1024\" src=\"https:\/\/ilovemyhijab.com\/wp-content\/uploads\/2023\/04\/20230109_104511_0000-1024x1024.png\" class=\"attachment-large size-large wp-image-4141\" alt=\"\" srcset=\"https:\/\/ilovemyhijab.com\/wp-content\/uploads\/2023\/04\/20230109_104511_0000-1024x1024.png 1024w, https:\/\/ilovemyhijab.com\/wp-content\/uploads\/2023\/04\/20230109_104511_0000-100x100.png 100w, https:\/\/ilovemyhijab.com\/wp-content\/uploads\/2023\/04\/20230109_104511_0000-800x800.png 800w, https:\/\/ilovemyhijab.com\/wp-content\/uploads\/2023\/04\/20230109_104511_0000-300x300.png 300w, https:\/\/ilovemyhijab.com\/wp-content\/uploads\/2023\/04\/20230109_104511_0000-150x150.png 150w, https:\/\/ilovemyhijab.com\/wp-content\/uploads\/2023\/04\/20230109_104511_0000-768x768.png 768w, https:\/\/ilovemyhijab.com\/wp-content\/uploads\/2023\/04\/20230109_104511_0000-920x920.png 920w, https:\/\/ilovemyhijab.com\/wp-content\/uploads\/2023\/04\/20230109_104511_0000-575x575.png 575w, https:\/\/ilovemyhijab.com\/wp-content\/uploads\/2023\/04\/20230109_104511_0000-380x380.png 380w, https:\/\/ilovemyhijab.com\/wp-content\/uploads\/2023\/04\/20230109_104511_0000.png 1080w\" sizes=\"(max-width: 1024px) 100vw, 1024px\" \/>\t\t\t\t\t\t\t\t\t\t\t\t\t\t\t<\/div>\n\t\t\t\t<\/div>\n\t\t\t\t\t<\/div>\n\t\t<\/div>\n\t\t\t\t\t<\/div>\n\t\t<\/section>\n\t\t\t\t<section class=\"elementor-section elementor-top-section elementor-element elementor-element-5d4f559 elementor-section-boxed elementor-section-height-default elementor-section-height-default\" data-id=\"5d4f559\" data-element_type=\"section\" data-e-type=\"section\" data-settings=\"{&quot;background_background&quot;:&quot;classic&quot;}\">\n\t\t\t\t\t\t<div class=\"elementor-container elementor-column-gap-default\">\n\t\t\t\t\t<div class=\"elementor-column elementor-col-100 elementor-top-column elementor-element elementor-element-72f25d1\" data-id=\"72f25d1\" data-element_type=\"column\" data-e-type=\"column\">\n\t\t\t<div class=\"elementor-widget-wrap elementor-element-populated\">\n\t\t\t\t\t\t<div class=\"elementor-element elementor-element-fca8118 elementor-widget elementor-widget-text-editor\" data-id=\"fca8118\" data-element_type=\"widget\" data-e-type=\"widget\" data-widget_type=\"text-editor.default\">\n\t\t\t\t<div class=\"elementor-widget-container\">\n\t\t\t\t\t\t\t\t\t<div class=\"card_cardContent__sFUOe styles_cardContent__sQHcU\"><div class=\"styles_container__9nZxD customer-generated-content\" data-html-block=\"true\"><strong>Velkommen til ilovemyhijab.com<\/strong><\/div><div data-html-block=\"true\">\u00a0<\/div><div class=\"styles_container__9nZxD customer-generated-content\" data-html-block=\"true\"><p>I Love My Hijab er skabt med k\u00e6rlighed til hijaben og respekt og omtanke for dem, der b\u00e6rer den.\u00a0<\/p><p data-start=\"498\" data-end=\"731\">\u00a0<\/p><p data-start=\"498\" data-end=\"731\">Vi udv\u00e6lger vores varer med fokus p\u00e5 kvalitet, komfort og holdbarhed. For os er det vigtigt, at du ikke bare er tilfreds med dit k\u00f8b, men f\u00f8ler dig tryg gennem hele oplevelsen \u2013 fra du bes\u00f8ger vores side, til du modtager din ordre.<\/p><p data-start=\"738\" data-end=\"839\">\u00a0<\/p><p data-start=\"738\" data-end=\"839\">God service og p\u00e5lidelige produkter er ikke noget ekstra for os. Det er grundlaget for alt, vi laver.<\/p><\/div><\/div><div class=\"card_cardContent__sFUOe styles_cardContent__sQHcU\"><div data-html-block=\"true\">\u00a0<\/div><\/div><div class=\"card_cardContent__sFUOe styles_cardContent__sQHcU\">\u00a0<\/div>\t\t\t\t\t\t\t\t<\/div>\n\t\t\t\t<\/div>\n\t\t\t\t\t<\/div>\n\t\t<\/div>\n\t\t\t\t\t<\/div>\n\t\t<\/section>\n\t\t\t\t<\/div>\n\t\t","protected":false},"excerpt":{"rendered":"<p>Om os Velkommen til ilovemyhijab.com\u00a0 I Love My Hijab er skabt med k\u00e6rlighed til hijaben og respekt og omtanke for dem, der b\u00e6rer den.\u00a0 \u00a0 Vi udv\u00e6lger vores varer med [&hellip;]<\/p>\n","protected":false},"author":1,"featured_media":0,"parent":0,"menu_order":0,"comment_status":"closed","ping_status":"closed","template":"","meta":{"om_disable_all_campaigns":false,"_monsterinsights_skip_tracking":false,"_monsterinsights_sitenote_active":false,"_monsterinsights_sitenote_note":"","_monsterinsights_sitenote_category":0,"advanced_seo_description":"","jetpack_seo_html_title":"","jetpack_seo_noindex":false,"footnotes":""},"class_list":["post-888","page","type-page","status-publish","hentry"],"jetpack_sharing_enabled":true,"_links":{"self":[{"href":"https:\/\/ilovemyhijab.com\/index.php\/wp-json\/wp\/v2\/pages\/888","targetHints":{"allow":["GET"]}}],"collection":[{"href":"https:\/\/ilovemyhijab.com\/index.php\/wp-json\/wp\/v2\/pages"}],"about":[{"href":"https:\/\/ilovemyhijab.com\/index.php\/wp-json\/wp\/v2\/types\/page"}],"author":[{"embeddable":true,"href":"https:\/\/ilovemyhijab.com\/index.php\/wp-json\/wp\/v2\/users\/1"}],"replies":[{"embeddable":true,"href":"https:\/\/ilovemyhijab.com\/index.php\/wp-json\/wp\/v2\/comments?post=888"}],"version-history":[{"count":103,"href":"https:\/\/ilovemyhijab.com\/index.php\/wp-json\/wp\/v2\/pages\/888\/revisions"}],"predecessor-version":[{"id":10043,"href":"https:\/\/ilovemyhijab.com\/index.php\/wp-json\/wp\/v2\/pages\/888\/revisions\/10043"}],"wp:attachment":[{"href":"https:\/\/ilovemyhijab.com\/index.php\/wp-json\/wp\/v2\/media?parent=888"}],"curies":[{"name":"wp","href":"https:\/\/api.w.org\/{rel}","templated":true}]}}