{"id":248,"date":"2022-07-30T20:09:34","date_gmt":"2022-07-30T20:09:34","guid":{"rendered":"https:\/\/ilovemyhijab.com\/?page_id=248"},"modified":"2026-01-18T15:22:40","modified_gmt":"2026-01-18T15:22:40","slug":"vilkaar-og-betingelser","status":"publish","type":"page","link":"https:\/\/ilovemyhijab.com\/index.php\/vilkaar-og-betingelser\/","title":{"rendered":""},"content":{"rendered":"\t\t<div data-elementor-type=\"wp-page\" data-elementor-id=\"248\" class=\"elementor elementor-248\" data-elementor-post-type=\"page\">\n\t\t\t\t\t\t<section class=\"elementor-section elementor-top-section elementor-element elementor-element-07032f3 elementor-section-boxed elementor-section-height-default elementor-section-height-default\" data-id=\"07032f3\" data-element_type=\"section\" data-e-type=\"section\">\n\t\t\t\t\t\t<div class=\"elementor-container elementor-column-gap-default\">\n\t\t\t\t\t<div class=\"elementor-column elementor-col-100 elementor-top-column elementor-element elementor-element-e6654f6\" data-id=\"e6654f6\" data-element_type=\"column\" data-e-type=\"column\">\n\t\t\t<div class=\"elementor-widget-wrap elementor-element-populated\">\n\t\t\t\t\t\t<div class=\"elementor-element elementor-element-d384a3d elementor-widget elementor-widget-heading\" data-id=\"d384a3d\" data-element_type=\"widget\" data-e-type=\"widget\" data-widget_type=\"heading.default\">\n\t\t\t\t<div class=\"elementor-widget-container\">\n\t\t\t\t\t<h2 class=\"elementor-heading-title elementor-size-default\">Vilk\u00e5r og betingelser\n<\/h2>\t\t\t\t<\/div>\n\t\t\t\t<\/div>\n\t\t\t\t<div class=\"elementor-element elementor-element-aa29b55 elementor-widget elementor-widget-text-editor\" data-id=\"aa29b55\" data-element_type=\"widget\" data-e-type=\"widget\" data-widget_type=\"text-editor.default\">\n\t\t\t\t<div class=\"elementor-widget-container\">\n\t\t\t\t\t\t\t\t\t<p>\u00a0<\/p><p><strong>1.GENERELT<\/strong><\/p><p>\u00a0<\/p><p>1.1<\/p><p>N\u00e5r vi i disse vilk\u00e5r bruger ordene \u201dos\u201d, \u201dvi\u201d eller \u201dI love my hijab\u201d, henviser vi til I love my hijab.<\/p><p>\u00a0<\/p><p>1.2<\/p><p>Disse vilk\u00e5r g\u00e6lder for ordrer afgivet fra og med den 18. januar 2026.<\/p><p>\u00a0<\/p><p>For ordrer afgivet f\u00f8r denne dato g\u00e6lder de vilk\u00e5r, som var g\u00e6ldende p\u00e5 tidspunktet for k\u00f8bet.<\/p><p>\u00a0<\/p><p>1.3<\/p><p>N\u00e5r du afgiver en ordre hos os, accepterer du disse vilk\u00e5r. Vi anbefaler derfor, at du l\u00e6ser vilk\u00e5rene grundigt, inden du gennemf\u00f8rer dit k\u00f8b.<\/p><p>\u00a0<\/p><p>1.4<\/p><p>For at handle hos os skal du v\u00e6re fyldt 18 \u00e5r eller have tilladelse fra en v\u00e6rge. Du skal have en gyldig e-mailadresse og en leveringsadresse i Danmark.<\/p><p>\u00a0<\/p><p>1.5<\/p><p>Vores webshop er udelukkende beregnet til privat forbrug. Ordrer til erhvervsm\u00e6ssig eller kommerciel brug accepteres ikke, og vi udsteder ikke moms- eller erhvervsfakturaer.<\/p><p>\u00a0<\/p><p>1.6<\/p><p>Vi forbeholder os retten til at \u00e6ndre disse vilk\u00e5r. De vilk\u00e5r, der er g\u00e6ldende p\u00e5 tidspunktet for dit k\u00f8b, vil altid g\u00e6lde for den p\u00e5g\u00e6ldende ordre med forbehold for stk.1.2. Eventuelle \u00e6ndringer tr\u00e6der i kraft ved nye k\u00f8b.<\/p><p>\u00a0<\/p><p>\u00a0<\/p><p><strong>2.PRISER OG LEVERINGSGEBYR<\/strong><\/p><p>\u00a0<\/p><p>2.1<\/p><p>Alle priser er angivet i danske kroner (DKK) og er inklusive moms, men eksklusive eventuelle leveringsomkostninger, medmindre andet udtrykkeligt er angivet.<\/p><p>\u00a0<\/p><p>2.2<\/p><p>Den samlede pris for dit k\u00f8b, inklusive levering, vises ved kassen, inden du gennemf\u00f8rer betalingen.<\/p><p>\u00a0<\/p><p>2.3<\/p><p>Leveringsomkostninger og tilg\u00e6ngelige leveringsmuligheder afh\u00e6nger af din leveringsadresse og vises ved bestilling.<\/p><p>\u00a0<\/p><p>2.4<\/p><p>Vi kan fra tid til anden tilbyde rabatter, kampagner eller s\u00e6rlige tilbud. S\u00e5danne tilbud g\u00e6lder kun i den angivne periode og kan ikke kombineres, medmindre andet udtrykkeligt er angivet.<\/p><p>\u00a0<\/p><p>\u00a0<\/p><p><strong>3.BESTILLING<\/strong><\/p><p>\u00a0<\/p><p>3.1<\/p><p>N\u00e5r du placerer varer i kurven og gennemf\u00f8rer betalingen, afgiver du et bindende tilbud om at k\u00f8be varerne.<\/p><p>\u00a0<\/p><p>3.2<\/p><p>N\u00e5r vi har modtaget din ordre, sender vi en automatisk ordrebekr\u00e6ftelse pr. e-mail. Denne bekr\u00e6ftelse er ikke en endelig accept af ordren.<\/p><p>\u00a0<\/p><p>3.3<\/p><p>Aftalen er f\u00f8rst bindende, n\u00e5r vi har godkendt ordren og sendt en forsendelsesbekr\u00e6ftelse.<\/p><p>\u00a0<\/p><p>3.4<\/p><p>Vi forbeholder os retten til at afvise eller annullere en ordre af driftsm\u00e6ssige, juridiske eller kommercielle \u00e5rsager, herunder ved fejl i pris, lagerstatus eller mistanke om misbrug.<\/p><p>\u00a0<\/p><p>\u00a0<\/p><p><strong>4.BETALING<\/strong><\/p><p>\u00a0<\/p><p>4.1<\/p><p>Vi accepterer de betalingsmetoder, der fremg\u00e5r af webshoppen p\u00e5 bestillingstidspunktet, herunder betalingskort.<\/p><p>\u00a0<\/p><p>4.2<\/p><p>Bel\u00f8bet tr\u00e6kkes, n\u00e5r ordren er afsendt, medmindre andet er oplyst.<\/p><p>\u00a0<\/p><p>4.3<\/p><p>Du er ansvarlig for, at de angivne betalings- og kontaktoplysninger er korrekte.<\/p><p>\u00a0<\/p><p>\u00a0<\/p><p><strong>5.LEVERING<\/strong><\/p><p>\u00a0<\/p><p>5.1<\/p><p>Den forventede leveringstid oplyses ved forsendelsesbekr\u00e6ftelsen.<\/p><p>\u00a0<\/p><p>5.2<\/p><p>Hvis leveringen forsinkes v\u00e6sentligt, vil vi kontakte dig hurtigst muligt.<\/p><p>\u00a0<\/p><p>5.3<\/p><p>Hvis en pakke ikke afhentes eller n\u00e6gtes modtaget og returneres til os, forbeholder vi os retten til at fratr\u00e6kke de faktiske returomkostninger ved refundering<\/p><p>\u00a0<\/p><p>\u00a0<\/p><p><strong>6.RETURNERING OG FORTRYDELSESRET<\/strong><\/p><p>\u00a0<\/p><p>6.1<\/p><p>Du har 14 dages fortrydelsesret fra den dag, du modtager din ordre.<\/p><p>\u00a0<\/p><p>6.2<\/p><p>Fortrydelse skal meddeles os inden fristens udl\u00f8b, og varen skal returneres senest 14 dage herefter.<\/p><p>\u00a0<\/p><p>6.3<\/p><p>Varer skal returneres i v\u00e6sentligt samme stand, som da du modtog dem, og m\u00e5 kun v\u00e6re pr\u00f8vet p\u00e5 som i en fysisk butik.<\/p><p>\u00a0<\/p><p>6.4<\/p><p>Alle m\u00e6rker og labels skal v\u00e6re intakte. Hvis varens v\u00e6rdi er reduceret p\u00e5 grund af brug ud over almindelig pr\u00f8vning, forbeholder vi os retten til at foretage et fradrag i tilbagebetalingen.<\/p><p>\u00a0<\/p><p>6.5<\/p><p>Kunden afholder selv omkostningerne ved returnering og b\u00e6rer ansvaret for varen, indtil den er afleveret til fragtfirmaet eller modtaget hos os.<\/p><p>\u00a0<\/p><p>6.6<\/p><p>Tilbagebetaling sker til samme betalingsmiddel som anvendt ved k\u00f8bet og senest 14 dage efter modtagelse af returneringen.<\/p><p>\u00a0<\/p><p>6.7<\/p><p>Fortrydelsesretten g\u00e6lder ikke for:<\/p><p>\u00a0<\/p><p>\u25a0 Varer fremstillet eller tilpasset efter kundens specifikationer<\/p><p>\u25a0 Varer, der af hygiejniske \u00e5rsager ikke kan returneres, hvis forseglingen er brudt<\/p><p>\u00a0<\/p><p>\u00a0<\/p><p>\u00a0<\/p><p><strong>7.REKLAMATIONSRET<\/strong><\/p><p>\u00a0<\/p><p>7.1<\/p><p>Der ydes 24 m\u00e5neders reklamationsret i henhold til k\u00f8beloven.<\/p><p>\u00a0<\/p><p>7.2<\/p><p>Hvis du opdager en mangel, skal du reklamere inden rimelig tid efter, at manglen er opdaget.<\/p><p>\u00a0<\/p><p>7.3<\/p><p>Ved en berettiget reklamation tilbyder vi reparation, ombytning, prisafslag eller refundering afh\u00e6ngigt af den konkrete situation.<\/p><p>\u00a0<\/p><p>\u00a0<\/p><p>\u00a0<\/p><p><strong>8.ANSVAR OG FORCE MAJEURE<\/strong><\/p><p>\u00a0<\/p><p>8.1<\/p><p>Vi bestr\u00e6ber os p\u00e5 at sikre korrekte produktbeskrivelser, men kan ikke garantere, at farver og m\u00e5l gengives fuldst\u00e6ndigt korrekt p\u00e5 alle enheder.<\/p><p>\u00a0<\/p><p>8.2<\/p><p>Vi er ikke ansvarlige for manglende opfyldelse af aftalen som f\u00f8lge af forhold uden for vores kontrol (force majeure), herunder naturkatastrofer, pandemier, strejker eller myndighedsindgreb.<\/p><p>\u00a0<\/p><p>\u00a0<\/p><p>\u00a0<\/p><p><strong>9.KLAGER OG TVISTER<\/strong><\/p><p>\u00a0<\/p><p>9.1<\/p><p>Har du en klage, bedes du kontakte os p\u00e5 kontakt@ilovemyhijab.com.<\/p><p>\u00a0<\/p><p>9.2<\/p><p>Du kan indgive en klage til Forbrugerklagen\u00e6vnet, forudsat at du f\u00f8rst har indgivet en klage direkte til os, og mod betaling af et gebyr p\u00e5 100 kr. Du kan finde yderligere oplysninger her: https:\/\/naevneneshus.dk\/start-din-klage\/center-for-klageloesning-og-forbrugerklagenaevnet\/til-forbrugere\/<\/p><p>\u00a0<\/p><p>9.3<\/p><p>Vi overholder g\u00e6ldende obligatorisk forbrugerbeskyttelseslovgivning, og vi har ikke til hensigt at udelukke eller begr\u00e6nse s\u00e5danne rettigheder, du m\u00e5tte have, gennem disse vilk\u00e5r.<\/p><p>\u00a0<\/p><p>\u00a0<\/p><p><strong>10.LOVVALG<\/strong><\/p><p>\u00a0<\/p><p>Disse vilk\u00e5r er underlagt dansk ret, og eventuelle tvister afg\u00f8res ved de danske domstole.<\/p><p>\u00a0<\/p><p>\u00a0<\/p><p>\u00a0<\/p><p><strong>11.L\u00d8SRIVELSE<\/strong><\/p><p>\u00a0<\/p><p>Hvis en bestemmelse i disse vilk\u00e5r af en eller anden grund ikke kan h\u00e5ndh\u00e6ves, p\u00e5virker dette ikke h\u00e5ndh\u00e6velsen af andre bestemmelser i disse vilk\u00e5r.<\/p><p>\u00a0<\/p><p>\u00a0<\/p><p>\u00a0<\/p><p><strong>12.VIRKSOMHEDSOPLYSNINGER<\/strong><\/p><p>\u00a0<\/p><p>I love my hijab<\/p><p>\u00a0<\/p><p>Finlandsvej 35, 3 th<\/p><p>\u00a0<\/p><p>7100 Vejle<\/p><p>\u00a0<\/p><p>Danmark<\/p><p>\u00a0<\/p><p>E-mail: kontakt@ilovemyhijab.com<\/p><p>\u00a0<\/p><p>\u00a0<\/p><p>\u00a0<\/p><p><strong>13.IKRAFTTR\u00c6DELSESDATO<\/strong><\/p><p>\u00a0<\/p><p>18 januar 2026<\/p>\t\t\t\t\t\t\t\t<\/div>\n\t\t\t\t<\/div>\n\t\t\t\t\t<\/div>\n\t\t<\/div>\n\t\t\t\t\t<\/div>\n\t\t<\/section>\n\t\t\t\t<\/div>\n\t\t","protected":false},"excerpt":{"rendered":"<p>Vilk\u00e5r og betingelser \u00a0 1.GENERELT \u00a0 1.1 N\u00e5r vi i disse vilk\u00e5r bruger ordene \u201dos\u201d, \u201dvi\u201d eller \u201dI love my hijab\u201d, henviser vi til I love my hijab. \u00a0 1.2 [&hellip;]<\/p>\n","protected":false},"author":1,"featured_media":0,"parent":0,"menu_order":0,"comment_status":"closed","ping_status":"closed","template":"","meta":{"om_disable_all_campaigns":false,"_monsterinsights_skip_tracking":false,"_monsterinsights_sitenote_active":false,"_monsterinsights_sitenote_note":"","_monsterinsights_sitenote_category":0,"advanced_seo_description":"","jetpack_seo_html_title":"","jetpack_seo_noindex":false,"footnotes":""},"class_list":["post-248","page","type-page","status-publish","hentry"],"jetpack_sharing_enabled":true,"_links":{"self":[{"href":"https:\/\/ilovemyhijab.com\/index.php\/wp-json\/wp\/v2\/pages\/248","targetHints":{"allow":["GET"]}}],"collection":[{"href":"https:\/\/ilovemyhijab.com\/index.php\/wp-json\/wp\/v2\/pages"}],"about":[{"href":"https:\/\/ilovemyhijab.com\/index.php\/wp-json\/wp\/v2\/types\/page"}],"author":[{"embeddable":true,"href":"https:\/\/ilovemyhijab.com\/index.php\/wp-json\/wp\/v2\/users\/1"}],"replies":[{"embeddable":true,"href":"https:\/\/ilovemyhijab.com\/index.php\/wp-json\/wp\/v2\/comments?post=248"}],"version-history":[{"count":80,"href":"https:\/\/ilovemyhijab.com\/index.php\/wp-json\/wp\/v2\/pages\/248\/revisions"}],"predecessor-version":[{"id":10218,"href":"https:\/\/ilovemyhijab.com\/index.php\/wp-json\/wp\/v2\/pages\/248\/revisions\/10218"}],"wp:attachment":[{"href":"https:\/\/ilovemyhijab.com\/index.php\/wp-json\/wp\/v2\/media?parent=248"}],"curies":[{"name":"wp","href":"https:\/\/api.w.org\/{rel}","templated":true}]}}