{"id":237,"date":"2022-07-30T19:44:48","date_gmt":"2022-07-30T19:44:48","guid":{"rendered":"https:\/\/ilovemyhijab.com\/?page_id=237"},"modified":"2026-01-11T19:56:45","modified_gmt":"2026-01-11T19:56:45","slug":"kontaktos","status":"publish","type":"page","link":"https:\/\/ilovemyhijab.com\/index.php\/kontaktos\/","title":{"rendered":""},"content":{"rendered":"\t\t<div data-elementor-type=\"wp-page\" data-elementor-id=\"237\" class=\"elementor elementor-237\" data-elementor-post-type=\"page\">\n\t\t\t\t\t\t<section class=\"elementor-section elementor-top-section elementor-element elementor-element-1154fcc elementor-section-boxed elementor-section-height-default elementor-section-height-default\" data-id=\"1154fcc\" data-element_type=\"section\" data-e-type=\"section\">\n\t\t\t\t\t\t<div class=\"elementor-container elementor-column-gap-default\">\n\t\t\t\t\t<div class=\"elementor-column elementor-col-100 elementor-top-column elementor-element elementor-element-ab5970e\" data-id=\"ab5970e\" data-element_type=\"column\" data-e-type=\"column\">\n\t\t\t<div class=\"elementor-widget-wrap elementor-element-populated\">\n\t\t\t\t\t\t<div class=\"elementor-element elementor-element-4aebed1 elementor-widget elementor-widget-heading\" data-id=\"4aebed1\" data-element_type=\"widget\" data-e-type=\"widget\" data-widget_type=\"heading.default\">\n\t\t\t\t<div class=\"elementor-widget-container\">\n\t\t\t\t\t<h2 class=\"elementor-heading-title elementor-size-default\">KONTAKT OS<\/h2>\t\t\t\t<\/div>\n\t\t\t\t<\/div>\n\t\t\t\t<div class=\"elementor-element elementor-element-5873709 elementor-widget elementor-widget-spacer\" data-id=\"5873709\" data-element_type=\"widget\" data-e-type=\"widget\" data-widget_type=\"spacer.default\">\n\t\t\t\t<div class=\"elementor-widget-container\">\n\t\t\t\t\t\t\t<div class=\"elementor-spacer\">\n\t\t\t<div class=\"elementor-spacer-inner\"><\/div>\n\t\t<\/div>\n\t\t\t\t\t\t<\/div>\n\t\t\t\t<\/div>\n\t\t\t\t<div class=\"elementor-element elementor-element-788fa09 elementor-widget elementor-widget-text-editor\" data-id=\"788fa09\" data-element_type=\"widget\" data-e-type=\"widget\" data-widget_type=\"text-editor.default\">\n\t\t\t\t<div class=\"elementor-widget-container\">\n\t\t\t\t\t\t\t\t\t<div class=\"elementor-text-editor elementor-clearfix\">Du er altid velkommen til at kontakte os, hvis du har ris, ros, sp\u00f8rgsm\u00e5l eller gode ideer, som vi kan blive klogere af! Kontakt os, s\u00e5 vender vi tilbage p\u00e5 din henvendelse hurtigst muligt.<\/div><div>\u00a0<\/div><div>\u00a0<\/div><div class=\"elementor-text-editor elementor-clearfix\"><strong>H<\/strong>AR DU SP\u00d8RGSM\u00c5L TIL DIT K\u00d8B ?<\/div><div>\u00a0<\/div><div class=\"elementor-text-editor elementor-clearfix\">Du er altid velkommen til at kontakte vores kundeservice. Du bedes venligst have dit ordrenummer klar, inden du kontakter kundeservice.<\/div><div class=\"elementor-text-editor elementor-clearfix\">\u00a0<\/div><div>\u00a0<\/div><div class=\"elementor-text-editor elementor-clearfix\"><strong>KONTAKT:<\/strong><\/div><div>\u00a0<\/div><div class=\"elementor-text-editor elementor-clearfix\">E-mail: kontakt@ilovemyhijab.com<\/div><div>\u00a0<\/div><div>Adresse:<\/div><div>\u00a0<\/div><div>I love my hijab\u00a0<\/div><div>Finlandsvej 35,3th\u00a0<\/div><div>7100 Vejle\u00a0<\/div><div>Danmark\u00a0<\/div>\t\t\t\t\t\t\t\t<\/div>\n\t\t\t\t<\/div>\n\t\t\t\t\t<\/div>\n\t\t<\/div>\n\t\t\t\t\t<\/div>\n\t\t<\/section>\n\t\t\t\t<\/div>\n\t\t","protected":false},"excerpt":{"rendered":"<p>KONTAKT OS Du er altid velkommen til at kontakte os, hvis du har ris, ros, sp\u00f8rgsm\u00e5l eller gode ideer, som vi kan blive klogere af! Kontakt os, s\u00e5 vender vi [&hellip;]<\/p>\n","protected":false},"author":1,"featured_media":0,"parent":0,"menu_order":0,"comment_status":"closed","ping_status":"closed","template":"","meta":{"om_disable_all_campaigns":false,"_monsterinsights_skip_tracking":false,"_monsterinsights_sitenote_active":false,"_monsterinsights_sitenote_note":"","_monsterinsights_sitenote_category":0,"advanced_seo_description":"","jetpack_seo_html_title":"","jetpack_seo_noindex":false,"footnotes":""},"class_list":["post-237","page","type-page","status-publish","hentry"],"jetpack_sharing_enabled":true,"_links":{"self":[{"href":"https:\/\/ilovemyhijab.com\/index.php\/wp-json\/wp\/v2\/pages\/237","targetHints":{"allow":["GET"]}}],"collection":[{"href":"https:\/\/ilovemyhijab.com\/index.php\/wp-json\/wp\/v2\/pages"}],"about":[{"href":"https:\/\/ilovemyhijab.com\/index.php\/wp-json\/wp\/v2\/types\/page"}],"author":[{"embeddable":true,"href":"https:\/\/ilovemyhijab.com\/index.php\/wp-json\/wp\/v2\/users\/1"}],"replies":[{"embeddable":true,"href":"https:\/\/ilovemyhijab.com\/index.php\/wp-json\/wp\/v2\/comments?post=237"}],"version-history":[{"count":43,"href":"https:\/\/ilovemyhijab.com\/index.php\/wp-json\/wp\/v2\/pages\/237\/revisions"}],"predecessor-version":[{"id":10049,"href":"https:\/\/ilovemyhijab.com\/index.php\/wp-json\/wp\/v2\/pages\/237\/revisions\/10049"}],"wp:attachment":[{"href":"https:\/\/ilovemyhijab.com\/index.php\/wp-json\/wp\/v2\/media?parent=237"}],"curies":[{"name":"wp","href":"https:\/\/api.w.org\/{rel}","templated":true}]}}